{"id":951,"date":"2025-06-01T18:58:26","date_gmt":"2025-06-01T18:58:26","guid":{"rendered":"https:\/\/hajusteyliherkkyys.com\/?page_id=951"},"modified":"2025-06-01T18:59:23","modified_gmt":"2025-06-01T18:59:23","slug":"tervetuloa-etana-vuosikokoukseen-ja-kesajuhlaan-su-24-8-2025","status":"publish","type":"page","link":"https:\/\/hajusteyliherkkyys.com\/index.php\/tapahtumat\/tervetuloa-etana-vuosikokoukseen-ja-kesajuhlaan-su-24-8-2025\/","title":{"rendered":"Tervetuloa et\u00e4n\u00e4 vuosikokoukseen ja kes\u00e4juhlaan su 24.8.2025!"},"content":{"rendered":"\n<p class=\"has-medium-font-size\">Olet syd\u00e4mellisesti tervetullut vuosikokoukseen ja kes\u00e4juhlaan sunnuntaina 24.8. T\u00e4n\u00e4 vuonna vuosikokous ja kes\u00e4juhla pidet\u00e4\u00e4n verkossa et\u00e4n\u00e4 ZOOM videokokouksena, jotta mahdollisimman moni ymp\u00e4ri Suomen voisi osallistua. Pid\u00e4mme vuosikokouksen ja kes\u00e4juhlan sunnuntaina 24.8.2025 alkaen klo 10 verkossa. Vuosikokouksessa k\u00e4sitell\u00e4\u00e4n s\u00e4\u00e4nt\u00f6m\u00e4\u00e4r\u00e4iset asiat. Kokouksen j\u00e4lkeen viet\u00e4mme kes\u00e4juhlaa. P\u00e4\u00e4set osallistumaan kopioimalla selaimeesi linkin :<\/p>\n\n\n\n<p><a href=\"https:\/\/us05web.zoom.us\/j\/89325711490?pwd=7uATZYRSBbsWR2HL9afyuCgy0utWDL.1\" target=\"_blank\" rel=\"noopener\">https:\/\/us05web.zoom.us\/j\/89325711490?pwd=7uATZYRSBbsWR2HL9afyuCgy0utWDL.1<\/a><\/p>\n\n\n\n<p class=\"has-medium-font-size\">Mit\u00e4\u00e4n ohjelmaa ei tarvitse asentaa koneelle, linkin pit\u00e4isi toimia selaimessa sen avaamalla. N\u00e4it\u00e4 tietoja ei yleens\u00e4 tarvita, mutta jos Zoom kysyy: Meeting ID: 893 2571 1490 Passcode: 7LULA6<\/p>\n\n\n\n<p class=\"has-medium-font-size\">Koska kyseess\u00e4 on Zoomin ilmaisversio, kokous katkeaa aina noin 40 minuutin p\u00e4\u00e4st\u00e4 automaattisesti. P\u00e4\u00e4set takaisin kokoukseen tai juhlaan avaamalla linkin uudestaan. Jos tipuit linjoilta, avaa linkki uudelleen.<\/p>\n\n\n\n<p class=\"has-medium-font-size\">Yhdistyksen j\u00e4senmaksu on t\u00e4n\u00e4 vuonna 15-30 eur maksukyvyn mukaan. Jos et pysty maksamaan sit\u00e4, voit pyyt\u00e4\u00e4 yhdistykselt\u00e4 vapautusta maksusta mieluiten s\u00e4hk\u00f6postilla hakeinfo@gmail.com tai my\u00f6s tukipuhelimen pit\u00e4j\u00e4lt\u00e4 maanantaisin ja perjantaisin klo 10-16 numerosta 045 353 6165.<\/p>\n","protected":false},"excerpt":{"rendered":"<p>Olet syd\u00e4mellisesti tervetullut vuosikokoukseen ja kes\u00e4juhlaan sunnuntaina 24.8. T\u00e4n\u00e4 vuonna vuosikokous ja kes\u00e4juhla pidet\u00e4\u00e4n verkossa et\u00e4n\u00e4 ZOOM videokokouksena, jotta mahdollisimman [&hellip;]<\/p>\n","protected":false},"author":1,"featured_media":952,"parent":113,"menu_order":0,"comment_status":"closed","ping_status":"closed","template":"","meta":{"_uag_custom_page_level_css":"","site-sidebar-layout":"default","site-content-layout":"","ast-site-content-layout":"default","site-content-style":"default","site-sidebar-style":"default","ast-global-header-display":"","ast-banner-title-visibility":"","ast-main-header-display":"","ast-hfb-above-header-display":"","ast-hfb-below-header-display":"","ast-hfb-mobile-header-display":"","site-post-title":"","ast-breadcrumbs-content":"","ast-featured-img":"","footer-sml-layout":"","ast-disable-related-posts":"","theme-transparent-header-meta":"","adv-header-id-meta":"","stick-header-meta":"","header-above-stick-meta":"","header-main-stick-meta":"","header-below-stick-meta":"","astra-migrate-meta-layouts":"default","ast-page-background-enabled":"default","ast-page-background-meta":{"desktop":{"background-color":"var(--ast-global-color-4)","background-image":"","background-repeat":"repeat","background-position":"center center","background-size":"auto","background-attachment":"scroll","background-type":"","background-media":"","overlay-type":"","overlay-color":"","overlay-opacity":"","overlay-gradient":""},"tablet":{"background-color":"","background-image":"","background-repeat":"repeat","background-position":"center center","background-size":"auto","background-attachment":"scroll","background-type":"","background-media":"","overlay-type":"","overlay-color":"","overlay-opacity":"","overlay-gradient":""},"mobile":{"background-color":"","background-image":"","background-repeat":"repeat","background-position":"center center","background-size":"auto","background-attachment":"scroll","background-type":"","background-media":"","overlay-type":"","overlay-color":"","overlay-opacity":"","overlay-gradient":""}},"ast-content-background-meta":{"desktop":{"background-color":"var(--ast-global-color-5)","background-image":"","background-repeat":"repeat","background-position":"center center","background-size":"auto","background-attachment":"scroll","background-type":"","background-media":"","overlay-type":"","overlay-color":"","overlay-opacity":"","overlay-gradient":""},"tablet":{"background-color":"var(--ast-global-color-5)","background-image":"","background-repeat":"repeat","background-position":"center center","background-size":"auto","background-attachment":"scroll","background-type":"","background-media":"","overlay-type":"","overlay-color":"","overlay-opacity":"","overlay-gradient":""},"mobile":{"background-color":"var(--ast-global-color-5)","background-image":"","background-repeat":"repeat","background-position":"center center","background-size":"auto","background-attachment":"scroll","background-type":"","background-media":"","overlay-type":"","overlay-color":"","overlay-opacity":"","overlay-gradient":""}},"footnotes":""},"class_list":["post-951","page","type-page","status-publish","has-post-thumbnail","hentry"],"uagb_featured_image_src":{"full":["https:\/\/hajusteyliherkkyys.com\/wp-content\/uploads\/2025\/06\/Hake-ry-kesajuhla-vuosikokous-2025.png",640,615,false],"thumbnail":["https:\/\/hajusteyliherkkyys.com\/wp-content\/uploads\/2025\/06\/Hake-ry-kesajuhla-vuosikokous-2025-150x150.png",150,150,true],"medium":["https:\/\/hajusteyliherkkyys.com\/wp-content\/uploads\/2025\/06\/Hake-ry-kesajuhla-vuosikokous-2025-300x288.png",300,288,true],"medium_large":["https:\/\/hajusteyliherkkyys.com\/wp-content\/uploads\/2025\/06\/Hake-ry-kesajuhla-vuosikokous-2025.png",640,615,false],"large":["https:\/\/hajusteyliherkkyys.com\/wp-content\/uploads\/2025\/06\/Hake-ry-kesajuhla-vuosikokous-2025.png",640,615,false],"1536x1536":["https:\/\/hajusteyliherkkyys.com\/wp-content\/uploads\/2025\/06\/Hake-ry-kesajuhla-vuosikokous-2025.png",640,615,false],"2048x2048":["https:\/\/hajusteyliherkkyys.com\/wp-content\/uploads\/2025\/06\/Hake-ry-kesajuhla-vuosikokous-2025.png",640,615,false]},"uagb_author_info":{"display_name":"admin","author_link":"https:\/\/hajusteyliherkkyys.com\/author\/admin\/"},"uagb_comment_info":0,"uagb_excerpt":"Olet syd\u00e4mellisesti tervetullut vuosikokoukseen ja kes\u00e4juhlaan sunnuntaina 24.8. T\u00e4n\u00e4 vuonna vuosikokous ja kes\u00e4juhla pidet\u00e4\u00e4n verkossa et\u00e4n\u00e4 ZOOM videokokouksena, jotta mahdollisimman [&hellip;]","_links":{"self":[{"href":"https:\/\/hajusteyliherkkyys.com\/index.php\/wp-json\/wp\/v2\/pages\/951","targetHints":{"allow":["GET"]}}],"collection":[{"href":"https:\/\/hajusteyliherkkyys.com\/index.php\/wp-json\/wp\/v2\/pages"}],"about":[{"href":"https:\/\/hajusteyliherkkyys.com\/index.php\/wp-json\/wp\/v2\/types\/page"}],"author":[{"embeddable":true,"href":"https:\/\/hajusteyliherkkyys.com\/index.php\/wp-json\/wp\/v2\/users\/1"}],"replies":[{"embeddable":true,"href":"https:\/\/hajusteyliherkkyys.com\/index.php\/wp-json\/wp\/v2\/comments?post=951"}],"version-history":[{"count":2,"href":"https:\/\/hajusteyliherkkyys.com\/index.php\/wp-json\/wp\/v2\/pages\/951\/revisions"}],"predecessor-version":[{"id":957,"href":"https:\/\/hajusteyliherkkyys.com\/index.php\/wp-json\/wp\/v2\/pages\/951\/revisions\/957"}],"up":[{"embeddable":true,"href":"https:\/\/hajusteyliherkkyys.com\/index.php\/wp-json\/wp\/v2\/pages\/113"}],"wp:featuredmedia":[{"embeddable":true,"href":"https:\/\/hajusteyliherkkyys.com\/index.php\/wp-json\/wp\/v2\/media\/952"}],"wp:attachment":[{"href":"https:\/\/hajusteyliherkkyys.com\/index.php\/wp-json\/wp\/v2\/media?parent=951"}],"curies":[{"name":"wp","href":"https:\/\/api.w.org\/{rel}","templated":true}]}}