{"id":764,"date":"2024-05-25T20:41:40","date_gmt":"2024-05-25T20:41:40","guid":{"rendered":"https:\/\/hajusteyliherkkyys.com\/?page_id=764"},"modified":"2024-05-25T20:41:40","modified_gmt":"2024-05-25T20:41:40","slug":"tietoa-ammattilaisille","status":"publish","type":"page","link":"https:\/\/hajusteyliherkkyys.com\/index.php\/tietoa-ammattilaisille\/","title":{"rendered":"Tietoa ammattilaisille"},"content":{"rendered":"\n<p class=\"has-medium-font-size\">Hajuste- ja kemikaaliyliherk\u00e4t henkil\u00f6t (MCS, Multiple Chemical Sensitivity) voivat tarvita erilaisia sosiaali- ja terveyspalveluita, jotka auttavat heit\u00e4 selviytym\u00e4\u00e4n arjessa ja yll\u00e4pit\u00e4m\u00e4\u00e4n heid\u00e4n toiminta- ja ty\u00f6kyky\u00e4 sek\u00e4 el\u00e4m\u00e4nlaatua. T\u00e4llaisia palveluita voivat olla mm.:<\/p>\n\n\n\n<ol class=\"wp-block-list\" start=\"1\">\n<li class=\"has-medium-font-size\"><strong>Terveydenhuollon palvelut<\/strong>:\n<ul class=\"wp-block-list\">\n<li class=\"has-medium-font-size\"><strong>Erikoisl\u00e4\u00e4k\u00e4rin konsultaatio<\/strong>: Allergologit, ymp\u00e4rist\u00f6l\u00e4\u00e4k\u00e4rit ja muut erikoisl\u00e4\u00e4k\u00e4rit voivat auttaa diagnosoinnissa ja hoidossa.  Kuitenkin Suomessa valitettavasti julkisen terveydenhuollon hoito ja kuntoutus ei ole ole ollut onnistunutta ja kuntoutus tai hoito ei ole perustunut vankkaan tutkimusn\u00e4ytt\u00f6\u00f6n. Useat potilaat ovat siksi hakeneet apua yksityisilt\u00e4 l\u00e4\u00e4k\u00e4riasemilta tai l\u00e4\u00e4k\u00e4reilt\u00e4. Monille t\u00e4m\u00e4 ei ole kuitenkaan taloudellisesti mahdollista. <\/li>\n\n\n\n<li><strong>Kuntoutus<\/strong>: Fysioterapia, toimintaterapia, ravitsemusterapia ja muut kuntoutuspalvelut voivat auttaa el\u00e4m\u00e4nlaadun parantamisessa, mutta eiv\u00e4t paranna sairautta.<\/li>\n\n\n\n<li><strong>Mielenterveyspalvelut<\/strong>: Psykologi- ja psykoterapiapalvelut voivat tukea psyykkist\u00e4 hyvinvointia, sill\u00e4 jatkuva altistuminen, ja rajoittunut el\u00e4m\u00e4 voivat aiheuttaa stressi\u00e4 ja ahdistusta. Kaikki eiv\u00e4t kuitenkaan tarvitse mielenterveyden palveluita. On eritt\u00e4in t\u00e4rke\u00e4 huomioida, ett\u00e4 hajuste- ja kemikaaliherkkyys ei ole mielenterveydest\u00e4 johtuva sairaus, vaan hajuste- ja kemikaaliherkkyys saattaa johtaa sekund\u00e4\u00e4riseen mielenterveyden diagnooseihin, kuten masennukseen, sill\u00e4 sairaus voi vaikeuttaa el\u00e4m\u00e4\u00e4 niin paljon.<\/li>\n<\/ul>\n<\/li>\n\n\n\n<li class=\"has-medium-font-size\"><strong>Asumis- ja elinymp\u00e4rist\u00f6palvelut<\/strong>:\n<ul class=\"wp-block-list\">\n<li><strong>Mukautetut asumisj\u00e4rjestelyt<\/strong>: Oireita aiheuttaman terveen ja hajusteettoman asunnon ja kodin l\u00f6yt\u00e4minen on hajuste- ja kemikaaliyliherk\u00e4n t\u00e4rkein palvelu ja hoito. Asunnon mukauttaminen niin, ett\u00e4 siell\u00e4 ei ole materiaaleja, jotka p\u00e4\u00e4st\u00e4v\u00e4t oireita aiheuttavia p\u00e4\u00e4st\u00f6j\u00e4 ilmaan, eik\u00e4 muita haitallisia kemikaaleja. Asunnon on oltava hajusteeton ja siell\u00e4 on k\u00e4ytett\u00e4v\u00e4 hajusteettomia siivousaineitaita ja v\u00e4lineit\u00e4. Apuv\u00e4lineen\u00e4 voi olla esimerkiksi ilmanpuhdistuslaite, mutta ilmanpuhdistin ei korjaa asunnon puutteita.  <\/li>\n\n\n\n<li><strong>Palvelua asunnon vaihtamiseen<\/strong>: Avustaminen sopivan asunnon l\u00f6yt\u00e4misess\u00e4 ja muuttokustannuksissa, jos nykyinen asunto ei ole terveydelle sopiva.<\/li>\n<\/ul>\n<\/li>\n\n\n\n<li class=\"has-medium-font-size\"><strong>Sosiaaliturva ja taloudellinen tuki<\/strong>:\n<ul class=\"wp-block-list\">\n<li><strong>Sairausp\u00e4iv\u00e4rahat ja ty\u00f6kyvytt\u00f6myysel\u00e4kkeet<\/strong>: Taloudellinen tuki, jos yliherkkyys est\u00e4\u00e4 ty\u00f6nteon.<\/li>\n\n\n\n<li><strong>Vammaistuki<\/strong>: Tukimuodot ja avustukset, jotka auttavat kustantamaan erityistarpeita.<\/li>\n<\/ul>\n<\/li>\n\n\n\n<li class=\"has-medium-font-size\"><strong>Ty\u00f6el\u00e4m\u00e4n tukipalvelut<\/strong>:\n<ul class=\"wp-block-list\">\n<li><strong>Ty\u00f6paikan mukauttaminen<\/strong>: Konsultaatio ty\u00f6paikan kemikaalien ja hajusteiden v\u00e4hent\u00e4miseksi sek\u00e4 sis\u00e4ilman parantamiseksi (esimerkiksi rakennusterveysasiantuntijan konsultaatio). Ty\u00f6paikan mukautus hajusteettomaksi ja savuttomaksi ty\u00f6paikaksi esim. hajusteettomat tuotteet (siivous- ja pesuaineet, wc:n tuotteet), henkil\u00f6kunnan ja asiakkaiden opastus hajusteettomuuteen ja et\u00e4ty\u00f6mahdollisuuksien hy\u00f6dynt\u00e4minen tai erillisen ty\u00f6tilan j\u00e4rjest\u00e4minen, joka on terve ja hajusteeton.<\/li>\n\n\n\n<li><strong>Ty\u00f6terveyspalvelut<\/strong>: Tukea ty\u00f6ss\u00e4 jaksamiseen ja terveellisen ty\u00f6ymp\u00e4rist\u00f6n luomiseen. Ty\u00f6terveysl\u00e4\u00e4k\u00e4ri on merkitt\u00e4v\u00e4 potilaan tuki, joka voi vaatia ty\u00f6nantajalta mukautuksia hajuste- ja kemikaaliyliherk\u00e4t ty\u00f6- ja toimintakyvyn yll\u00e4pit\u00e4miseksi tai palauttamiseksi. <\/li>\n<\/ul>\n<\/li>\n\n\n\n<li class=\"has-medium-font-size\"><strong>Yhteis\u00f6t ja vertaistuki<\/strong>:\n<ul class=\"wp-block-list\">\n<li><strong>Vertaistukiryhm\u00e4t<\/strong>: Mahdollisuus jakaa kokemuksia ja saada tukea muilta samassa tilanteessa olevilta.<\/li>\n\n\n\n<li><strong>J\u00e4rjest\u00f6jen ja yhdistysten tarjoamat palvelut<\/strong>: Esimerkiksi Suomen Hajuste- ja Kemikaaliyliherk\u00e4t ry. tarjoaa tukea ja tietoa.<\/li>\n<\/ul>\n<\/li>\n\n\n\n<li class=\"has-medium-font-size\"><strong>Julkiset palvelut<\/strong>:\n<ul class=\"wp-block-list\">\n<li><strong>Julkisten tilojen mukauttaminen<\/strong>: Pyrkimys tehd\u00e4 julkisista tiloista esteett\u00f6mi\u00e4 kemikaali- ja hajustevapaita, jotta yliherk\u00e4t voivat osallistua yhteiskunnalliseen el\u00e4m\u00e4\u00e4n turvallisesti.<\/li>\n<\/ul>\n<\/li>\n\n\n\n<li class=\"has-medium-font-size\"><strong>Koulutus ja tiedotus<\/strong>:\n<ul class=\"wp-block-list\">\n<li><strong>Yhteis\u00f6n tietoisuuden lis\u00e4\u00e4minen<\/strong>: Koulutusta ja tiedotusta, jotta ammattilaiset ja erityisesti palveluntarjoajat ymm\u00e4rt\u00e4v\u00e4t hajuste- ja kemikaaliyliherkkyyden ja osaavat huomioida sen.<\/li>\n<\/ul>\n<\/li>\n<\/ol>\n\n\n\n<p class=\"has-medium-font-size\">Kaiken kaikkiaan hajuste- ja kemikaaliyliherk\u00e4t tarvitsevat kattavia ja yksil\u00f6llisesti mukautettuja sosiaalipalveluita, jotka auttavat heit\u00e4 osallistumaan yhteiskuntaamme ja el\u00e4m\u00e4\u00e4n mahdollisimman t\u00e4ysipainoista el\u00e4m\u00e4\u00e4. <\/p>\n","protected":false},"excerpt":{"rendered":"<p>Hajuste- ja kemikaaliyliherk\u00e4t henkil\u00f6t (MCS, Multiple Chemical Sensitivity) voivat tarvita erilaisia sosiaali- ja terveyspalveluita, jotka auttavat heit\u00e4 selviytym\u00e4\u00e4n arjessa ja [&hellip;]<\/p>\n","protected":false},"author":1,"featured_media":0,"parent":0,"menu_order":0,"comment_status":"closed","ping_status":"closed","template":"","meta":{"_uag_custom_page_level_css":"","site-sidebar-layout":"default","site-content-layout":"","ast-site-content-layout":"default","site-content-style":"default","site-sidebar-style":"default","ast-global-header-display":"","ast-banner-title-visibility":"","ast-main-header-display":"","ast-hfb-above-header-display":"","ast-hfb-below-header-display":"","ast-hfb-mobile-header-display":"","site-post-title":"","ast-breadcrumbs-content":"","ast-featured-img":"","footer-sml-layout":"","ast-disable-related-posts":"","theme-transparent-header-meta":"","adv-header-id-meta":"","stick-header-meta":"","header-above-stick-meta":"","header-main-stick-meta":"","header-below-stick-meta":"","astra-migrate-meta-layouts":"default","ast-page-background-enabled":"default","ast-page-background-meta":{"desktop":{"background-color":"var(--ast-global-color-4)","background-image":"","background-repeat":"repeat","background-position":"center center","background-size":"auto","background-attachment":"scroll","background-type":"","background-media":"","overlay-type":"","overlay-color":"","overlay-opacity":"","overlay-gradient":""},"tablet":{"background-color":"","background-image":"","background-repeat":"repeat","background-position":"center center","background-size":"auto","background-attachment":"scroll","background-type":"","background-media":"","overlay-type":"","overlay-color":"","overlay-opacity":"","overlay-gradient":""},"mobile":{"background-color":"","background-image":"","background-repeat":"repeat","background-position":"center center","background-size":"auto","background-attachment":"scroll","background-type":"","background-media":"","overlay-type":"","overlay-color":"","overlay-opacity":"","overlay-gradient":""}},"ast-content-background-meta":{"desktop":{"background-color":"var(--ast-global-color-5)","background-image":"","background-repeat":"repeat","background-position":"center center","background-size":"auto","background-attachment":"scroll","background-type":"","background-media":"","overlay-type":"","overlay-color":"","overlay-opacity":"","overlay-gradient":""},"tablet":{"background-color":"var(--ast-global-color-5)","background-image":"","background-repeat":"repeat","background-position":"center center","background-size":"auto","background-attachment":"scroll","background-type":"","background-media":"","overlay-type":"","overlay-color":"","overlay-opacity":"","overlay-gradient":""},"mobile":{"background-color":"var(--ast-global-color-5)","background-image":"","background-repeat":"repeat","background-position":"center center","background-size":"auto","background-attachment":"scroll","background-type":"","background-media":"","overlay-type":"","overlay-color":"","overlay-opacity":"","overlay-gradient":""}},"footnotes":""},"class_list":["post-764","page","type-page","status-publish","hentry"],"uagb_featured_image_src":{"full":false,"thumbnail":false,"medium":false,"medium_large":false,"large":false,"1536x1536":false,"2048x2048":false},"uagb_author_info":{"display_name":"admin","author_link":"https:\/\/hajusteyliherkkyys.com\/author\/admin\/"},"uagb_comment_info":0,"uagb_excerpt":"Hajuste- ja kemikaaliyliherk\u00e4t henkil\u00f6t (MCS, Multiple Chemical Sensitivity) voivat tarvita erilaisia sosiaali- ja terveyspalveluita, jotka auttavat heit\u00e4 selviytym\u00e4\u00e4n arjessa ja [&hellip;]","_links":{"self":[{"href":"https:\/\/hajusteyliherkkyys.com\/index.php\/wp-json\/wp\/v2\/pages\/764","targetHints":{"allow":["GET"]}}],"collection":[{"href":"https:\/\/hajusteyliherkkyys.com\/index.php\/wp-json\/wp\/v2\/pages"}],"about":[{"href":"https:\/\/hajusteyliherkkyys.com\/index.php\/wp-json\/wp\/v2\/types\/page"}],"author":[{"embeddable":true,"href":"https:\/\/hajusteyliherkkyys.com\/index.php\/wp-json\/wp\/v2\/users\/1"}],"replies":[{"embeddable":true,"href":"https:\/\/hajusteyliherkkyys.com\/index.php\/wp-json\/wp\/v2\/comments?post=764"}],"version-history":[{"count":1,"href":"https:\/\/hajusteyliherkkyys.com\/index.php\/wp-json\/wp\/v2\/pages\/764\/revisions"}],"predecessor-version":[{"id":765,"href":"https:\/\/hajusteyliherkkyys.com\/index.php\/wp-json\/wp\/v2\/pages\/764\/revisions\/765"}],"wp:attachment":[{"href":"https:\/\/hajusteyliherkkyys.com\/index.php\/wp-json\/wp\/v2\/media?parent=764"}],"curies":[{"name":"wp","href":"https:\/\/api.w.org\/{rel}","templated":true}]}}