{"id":565,"date":"2024-04-16T16:30:09","date_gmt":"2024-04-16T16:30:09","guid":{"rendered":"https:\/\/hajusteyliherkkyys.com\/?page_id=565"},"modified":"2024-08-02T18:12:23","modified_gmt":"2024-08-02T18:12:23","slug":"kirjallisuutta","status":"publish","type":"page","link":"https:\/\/hajusteyliherkkyys.com\/index.php\/kirjallisuutta\/","title":{"rendered":"Kirjallisuutta"},"content":{"rendered":"\n<figure class=\"wp-block-image size-full\"><img loading=\"lazy\" decoding=\"async\" width=\"317\" height=\"441\" src=\"https:\/\/hajusteyliherkkyys.com\/wp-content\/uploads\/2024\/04\/hakeKirjanKansi.jpeg\" alt=\"\" class=\"wp-image-568\" srcset=\"https:\/\/hajusteyliherkkyys.com\/wp-content\/uploads\/2024\/04\/hakeKirjanKansi.jpeg 317w, https:\/\/hajusteyliherkkyys.com\/wp-content\/uploads\/2024\/04\/hakeKirjanKansi-216x300.jpeg 216w\" sizes=\"auto, (max-width: 317px) 100vw, 317px\" \/><\/figure>\n\n\n\n<p><strong>Jaana\u00a0Ennari\u00a0\u00a0\u00a0\u00a0\u00a0\u00a0\u00a0\u00a0\u00a0\u00a0\u00a0\u00a0\u00a0\u00a0\u00a0\u00a0\u00a0\u00a0\u00a0\u00a0\u00a0\u00a0\u00a0\u00a0\u00a0<\/strong><br><strong>Hajuste- ja Kemikaaliyliherkkyys \u2013  Selviytymiskeinot<\/strong><\/p>\n\n\n\n<p>2015, Auditorium,  239 sivua <br>ISBN 978952704370<\/p>\n\n\n\n<p><\/p>\n\n\n\n<p>Kirjan voi tilata tiedostona hintaan 10 \u20ac osoitteesta:<br><a href=\"mailto:mcsopas.ennari@gmail.com\">mcsopas.ennari@gmail.com<\/a><br>T\u00e4m\u00e4 kirja kertoa hajuste- ja kemikaaliyliherkkyydest\u00e4<br>sek\u00e4 siihen l\u00e4heisesti liittyvist\u00e4 asioista, kuten hajusteista ja sis\u00e4ilmasta. Kirjassa on sairaudesta perusasiat. Se antaa sairastuneelle vinkkej\u00e4, miten selviyty\u00e4 el\u00e4m\u00e4ss\u00e4 sairaudesta huolimatta ja v\u00e4ltt\u00e4\u00e4 sairauden muuttumisen pahemmaksi ja laaja-alaisemmaksi.<\/p>\n\n\n\n<p>Kirja on tehty paitsi sairastuneille, niin my\u00f6s heid\u00e4n kanssaan tekemisiss\u00e4 oleville ihmisille, esimerkiksi ty\u00f6tovereille, esimiehille, hoitohenkil\u00f6kunnalle ja sairastuneiden yst\u00e4ville. Hajusteyliherkkyyteen voimakkaasti sairastuneen ihmisen mahdollisuus ty\u00f6skennell\u00e4, asua tai saada yst\u00e4vyyssuhteita riippuu usein t\u00e4ysin siit\u00e4, miten paljon ymp\u00e4rill\u00e4 olevat ihmiset ovat halukkaita ja valmiita ottamaan heid\u00e4n sairautensa huomioon.<\/p>\n\n\n\n<p>\u201dOsa terveist\u00e4 ymm\u00e4rt\u00e4\u00e4 ja haluaa auttaa yliherkk\u00e4\u00e4, mutta heilt\u00e4 puuttuu tietoa siit\u00e4, miten toimia. Monella on muun muassa yll\u00e4tt\u00e4v\u00e4n v\u00e4h\u00e4n tietoa hajusteista ja kemikaaleista sek\u00e4 niiden k\u00e4yt\u00f6st\u00e4 eri tuotteissa\u201d, Jaana Ennari sanoo.<\/p>\n\n\n\n<p>H\u00e4n on tavannut yli viisikymment\u00e4 hajusteyliherkk\u00e4\u00e4 henkil\u00f6\u00e4. Monien el\u00e4m\u00e4ntarina on ollut koskettava. N\u00e4in kirjassa kuuluu my\u00f6s hajusteyliherkkyyteen sairastuneiden \u00e4\u00e4ni.<\/p>\n\n\n\n<p>Kirja oli ensimm\u00e4inen suomenkielinen kirja kemikaaliyliherkkyydest\u00e4. Kemikaaliyliherkkyys haittaa Suomessa liki 200 000 ihmisen arkea ja on syrj\u00e4ytt\u00e4nyt noin 40 000 henkil\u00f6\u00e4 ty\u00f6el\u00e4m\u00e4st\u00e4. Vakavasti kemikaaliyliherk\u00e4t saavat hyvin invalidisoivia oireita, muun muassa tajunnan menetyksi\u00e4, jo pienist\u00e4 m\u00e4\u00e4rist\u00e4 yleisi\u00e4 kemikaaleja.<\/p>\n\n\n\n<p>Sairastuneiden m\u00e4\u00e4r\u00e4 kasvaa jyrk\u00e4sti, ja sairastumisik\u00e4 varhaistuu. \u201dNuorin tuntemani kemikaaliyliherkk\u00e4 on 7-vuotias ekaluokkalainen, joka ei voi hengitt\u00e4\u00e4 yhdess\u00e4k\u00e4\u00e4n asuinalueensa kouluista\u201d, Jaana Ennari kertoo.<\/p>\n\n\n\n<p>Jaana Ennari on kemisti ja filosofian tohtori.<\/p>\n\n\n\n<hr class=\"wp-block-separator has-alpha-channel-opacity\"\/>\n\n\n\n<h1 class=\"wp-block-heading\">Monikemikaaliyliherkkyys<\/h1>\n\n\n\n<figure class=\"wp-block-image size-full\"><img loading=\"lazy\" decoding=\"async\" width=\"447\" height=\"651\" src=\"https:\/\/hajusteyliherkkyys.com\/wp-content\/uploads\/2024\/04\/MonikemikaaliherkkyysKirja.jpeg\" alt=\"\" class=\"wp-image-569\" srcset=\"https:\/\/hajusteyliherkkyys.com\/wp-content\/uploads\/2024\/04\/MonikemikaaliherkkyysKirja.jpeg 447w, https:\/\/hajusteyliherkkyys.com\/wp-content\/uploads\/2024\/04\/MonikemikaaliherkkyysKirja-206x300.jpeg 206w\" sizes=\"auto, (max-width: 447px) 100vw, 447px\" \/><\/figure>\n\n\n\n<p><a href=\"https:\/\/www.booky.fi\/search.php?search=tuuminen#!product_id=9789529419593\" data-type=\"link\" data-id=\"https:\/\/www.booky.fi\/search.php?search=tuuminen#!product_id=9789529419593\" target=\"_blank\" rel=\"noopener\">Booky.fi<\/a><\/p>\n\n\n\n<p>Kirjailijat: Tamara Tuuminen; Erkki Antila<br>Sivum\u00e4\u00e4r\u00e4: 60<br>Julkaisuvuosi: 2019<br>ISBN-13: 9789529419593, ISBN-10: 9529419597<\/p>\n\n\n\n<p>Kirjan ovat kirjoittaneet kliinisen mikrobiologian erikoisl\u00e4\u00e4k\u00e4ri Tamara Tuuminen ja l\u00e4\u00e4k\u00e4ri, filosofian tohtori Erkki Antila. Kirjassa k\u00e4yd\u00e4\u00e4n l\u00e4pi monikemikaaliyliherkkyyden eli MCS-taudin taustalla usein oleva ep\u00e4normaali kemikaalien poistokyky, voimakas radikaalien toiminta kehossa, vajavainen puolustusj\u00e4rjestelm\u00e4 ja neurogeeninen tulehdus. Oireiden laajenemista edist\u00e4\u00e4 aivo-veriesteen vaurio tai l\u00e4p\u00e4isevyyden lis\u00e4\u00e4ntyminen sek\u00e4 aivojen kapsulotalamisen alueen verivirtauksen v\u00e4heneminen. MCS-taudin biomarkkereina voidaan k\u00e4ytt\u00e4\u00e4 monia tulehduksen v\u00e4litt\u00e4j\u00e4aineita. Kirjassa on mainittu my\u00f6s yleisesti k\u00e4yt\u00f6ss\u00e4 olevia kokeita, joita voidaan k\u00e4ytt\u00e4\u00e4 kliinisen diagnoosin tukena.<\/p>\n\n\n\n<p>MCS-tauti voi puhjeta altistumisesta kemikaaleille tai kosteus- ja homevaurioille. Viime mainitussa l\u00e4ht\u00f6kohtana on infektioherkkyys ja toistuvien ja kroonisten infektioiden aiheuttama tulehdus. Ilmi\u00f6iden p\u00e4\u00e4llekk\u00e4isyys lis\u00e4\u00e4 elimist\u00f6n h\u00e4lytysj\u00e4rjestelmien, mm. lukuisten reseptoreiden, yliaktivaatiota ja autonomisen hermoston vasteita.<\/p>\n\n\n\n<p>Kirjassa k\u00e4sitell\u00e4\u00e4n my\u00f6s mahdollisuuksia auttaa potilasta. Se on kohdennettu terveydenhoitoalan ammattilaisille, kuten l\u00e4\u00e4k\u00e4reille ja hoitajille, tutkijoille sek\u00e4 tietoa kaipaaville viranomaisille ja sairastuneille.<\/p>\n\n\n\n<p>Kirja on saatavilla my\u00f6s pdf-tiedostona. Kirjan ja tiedoston tuotto k\u00e4ytet\u00e4\u00e4n Suomen Hajuste- ja Kemikaaliyliherk\u00e4t ry:n hyv\u00e4ksi<\/p>\n","protected":false},"excerpt":{"rendered":"<p>Jaana\u00a0Ennari\u00a0\u00a0\u00a0\u00a0\u00a0\u00a0\u00a0\u00a0\u00a0\u00a0\u00a0\u00a0\u00a0\u00a0\u00a0\u00a0\u00a0\u00a0\u00a0\u00a0\u00a0\u00a0\u00a0\u00a0\u00a0Hajuste- ja Kemikaaliyliherkkyys \u2013 Selviytymiskeinot 2015, Auditorium, 239 sivua ISBN 978952704370 Kirjan voi tilata tiedostona hintaan 10 \u20ac osoitteesta:mcsopas.ennari@gmail.comT\u00e4m\u00e4 kirja [&hellip;]<\/p>\n","protected":false},"author":1,"featured_media":0,"parent":0,"menu_order":0,"comment_status":"closed","ping_status":"closed","template":"","meta":{"_uag_custom_page_level_css":"","site-sidebar-layout":"default","site-content-layout":"","ast-site-content-layout":"default","site-content-style":"default","site-sidebar-style":"default","ast-global-header-display":"","ast-banner-title-visibility":"","ast-main-header-display":"","ast-hfb-above-header-display":"","ast-hfb-below-header-display":"","ast-hfb-mobile-header-display":"","site-post-title":"","ast-breadcrumbs-content":"","ast-featured-img":"","footer-sml-layout":"","ast-disable-related-posts":"","theme-transparent-header-meta":"","adv-header-id-meta":"","stick-header-meta":"","header-above-stick-meta":"","header-main-stick-meta":"","header-below-stick-meta":"","astra-migrate-meta-layouts":"default","ast-page-background-enabled":"default","ast-page-background-meta":{"desktop":{"background-color":"var(--ast-global-color-4)","background-image":"","background-repeat":"repeat","background-position":"center center","background-size":"auto","background-attachment":"scroll","background-type":"","background-media":"","overlay-type":"","overlay-color":"","overlay-opacity":"","overlay-gradient":""},"tablet":{"background-color":"","background-image":"","background-repeat":"repeat","background-position":"center center","background-size":"auto","background-attachment":"scroll","background-type":"","background-media":"","overlay-type":"","overlay-color":"","overlay-opacity":"","overlay-gradient":""},"mobile":{"background-color":"","background-image":"","background-repeat":"repeat","background-position":"center center","background-size":"auto","background-attachment":"scroll","background-type":"","background-media":"","overlay-type":"","overlay-color":"","overlay-opacity":"","overlay-gradient":""}},"ast-content-background-meta":{"desktop":{"background-color":"var(--ast-global-color-5)","background-image":"","background-repeat":"repeat","background-position":"center center","background-size":"auto","background-attachment":"scroll","background-type":"","background-media":"","overlay-type":"","overlay-color":"","overlay-opacity":"","overlay-gradient":""},"tablet":{"background-color":"var(--ast-global-color-5)","background-image":"","background-repeat":"repeat","background-position":"center center","background-size":"auto","background-attachment":"scroll","background-type":"","background-media":"","overlay-type":"","overlay-color":"","overlay-opacity":"","overlay-gradient":""},"mobile":{"background-color":"var(--ast-global-color-5)","background-image":"","background-repeat":"repeat","background-position":"center center","background-size":"auto","background-attachment":"scroll","background-type":"","background-media":"","overlay-type":"","overlay-color":"","overlay-opacity":"","overlay-gradient":""}},"footnotes":""},"class_list":["post-565","page","type-page","status-publish","hentry"],"uagb_featured_image_src":{"full":false,"thumbnail":false,"medium":false,"medium_large":false,"large":false,"1536x1536":false,"2048x2048":false},"uagb_author_info":{"display_name":"admin","author_link":"https:\/\/hajusteyliherkkyys.com\/author\/admin\/"},"uagb_comment_info":0,"uagb_excerpt":"Jaana\u00a0Ennari\u00a0\u00a0\u00a0\u00a0\u00a0\u00a0\u00a0\u00a0\u00a0\u00a0\u00a0\u00a0\u00a0\u00a0\u00a0\u00a0\u00a0\u00a0\u00a0\u00a0\u00a0\u00a0\u00a0\u00a0\u00a0Hajuste- ja Kemikaaliyliherkkyys \u2013 Selviytymiskeinot 2015, Auditorium, 239 sivua ISBN 978952704370 Kirjan voi tilata tiedostona hintaan 10 \u20ac osoitteesta:mcsopas.ennari@gmail.comT\u00e4m\u00e4 kirja [&hellip;]","_links":{"self":[{"href":"https:\/\/hajusteyliherkkyys.com\/index.php\/wp-json\/wp\/v2\/pages\/565","targetHints":{"allow":["GET"]}}],"collection":[{"href":"https:\/\/hajusteyliherkkyys.com\/index.php\/wp-json\/wp\/v2\/pages"}],"about":[{"href":"https:\/\/hajusteyliherkkyys.com\/index.php\/wp-json\/wp\/v2\/types\/page"}],"author":[{"embeddable":true,"href":"https:\/\/hajusteyliherkkyys.com\/index.php\/wp-json\/wp\/v2\/users\/1"}],"replies":[{"embeddable":true,"href":"https:\/\/hajusteyliherkkyys.com\/index.php\/wp-json\/wp\/v2\/comments?post=565"}],"version-history":[{"count":4,"href":"https:\/\/hajusteyliherkkyys.com\/index.php\/wp-json\/wp\/v2\/pages\/565\/revisions"}],"predecessor-version":[{"id":863,"href":"https:\/\/hajusteyliherkkyys.com\/index.php\/wp-json\/wp\/v2\/pages\/565\/revisions\/863"}],"wp:attachment":[{"href":"https:\/\/hajusteyliherkkyys.com\/index.php\/wp-json\/wp\/v2\/media?parent=565"}],"curies":[{"name":"wp","href":"https:\/\/api.w.org\/{rel}","templated":true}]}}