{"id":534,"date":"2024-04-17T20:59:26","date_gmt":"2024-04-17T20:59:26","guid":{"rendered":"https:\/\/hajusteyliherkkyys.com\/?page_id=534"},"modified":"2024-10-09T19:33:14","modified_gmt":"2024-10-09T19:33:14","slug":"apua","status":"publish","type":"page","link":"https:\/\/hajusteyliherkkyys.com\/index.php\/apua\/","title":{"rendered":"Apua"},"content":{"rendered":"\n<div class=\"wp-block-columns is-layout-flex wp-container-core-columns-is-layout-28f84493 wp-block-columns-is-layout-flex\">\n<div class=\"wp-block-column is-layout-flow wp-block-column-is-layout-flow\" style=\"flex-basis:33.33%\">\n<figure class=\"wp-block-image size-full\"><img loading=\"lazy\" decoding=\"async\" width=\"352\" height=\"640\" src=\"https:\/\/hajusteyliherkkyys.com\/wp-content\/uploads\/2024\/06\/suunta.png\" alt=\"\" class=\"wp-image-827\" srcset=\"https:\/\/hajusteyliherkkyys.com\/wp-content\/uploads\/2024\/06\/suunta.png 352w, https:\/\/hajusteyliherkkyys.com\/wp-content\/uploads\/2024\/06\/suunta-165x300.png 165w\" sizes=\"auto, (max-width: 352px) 100vw, 352px\" \/><\/figure>\n<\/div>\n\n\n\n<div class=\"wp-block-column is-layout-flow wp-block-column-is-layout-flow\" style=\"flex-basis:66.66%\">\n<p class=\"has-medium-font-size\">Hajuste- ja kemikaaliherkkyyteen saa helpotusta l\u00f6yt\u00e4m\u00e4ll\u00e4 sopivat hajusteettomat tuotteet, sek\u00e4 hajusteettomat palvelut ja saatavilla on erilaisia apuv\u00e4lineit\u00e4 ilman suodattamiseksi niin henkil\u00f6kohtaisia suojaimia kuin esimerkiksi ilmanpuhdistimia, joiden avulla voi saada helpostusta ja p\u00e4rj\u00e4t\u00e4 paremmin. T\u00e4h\u00e4n valikkoon pyrimme kokoamaan vinkkej\u00e4 hajusteettomiin tuotteisiin, kokoamaan mahdollisesti hajusteettomia palveluntuottajia ja esittelem\u00e4\u00e4n apuv\u00e4lineit\u00e4.    <\/p>\n\n\n\n<p><a href=\"https:\/\/hajusteyliherkkyys.com\/index.php\/apuvalineet\/\" data-type=\"link\" data-id=\"https:\/\/hajusteyliherkkyys.com\/index.php\/apuvalineet\/\">Apuv\u00e4lineit\u00e4<\/a> <\/p>\n\n\n\n<p><a href=\"https:\/\/hajusteyliherkkyys.com\/index.php\/hajusteettomat-tuotteet\/\" data-type=\"link\" data-id=\"https:\/\/hajusteyliherkkyys.com\/index.php\/hajusteettomat-tuotteet\/\">Hajuusteettomat tuotteet <\/a>(tulossa)<\/p>\n\n\n\n<p><a href=\"https:\/\/hajusteyliherkkyys.com\/index.php\/hajusteettomat-palvelut\/\" data-type=\"page\" data-id=\"654\">Hajusteettomat palvelut<\/a> (tulossa)<\/p>\n\n\n\n<p><a href=\"https:\/\/www.facebook.com\/groups\/247097632059157\" target=\"_blank\" rel=\"noopener\">Keskusteluryhm\u00e4 Facebookissa<\/a><\/p>\n\n\n\n<p>Vertaistuellinen s\u00e4hk\u00f6postirinki: Pyyd\u00e4 rinkiin p\u00e4\u00e4sy\u00e4 s\u00e4hk\u00f6postitse: hakeinfo(a)gmail.com<\/p>\n\n\n\n<p><a href=\"https:\/\/hajusteyliherkkyys.com\/index.php\/yhteystiedot\/\">Tukipuhelin <\/a>vain sairastuneiden tukemiseen. p. <strong>045 353 6165<\/strong> Tukipuhelin on avoinna maanantaisin ja perjantaisin klo 10 &#8211; 16.<\/p>\n<\/div>\n<\/div>\n\n\n\n<p><\/p>\n","protected":false},"excerpt":{"rendered":"<p>Hajuste- ja kemikaaliherkkyyteen saa helpotusta l\u00f6yt\u00e4m\u00e4ll\u00e4 sopivat hajusteettomat tuotteet, sek\u00e4 hajusteettomat palvelut ja saatavilla on erilaisia apuv\u00e4lineit\u00e4 ilman suodattamiseksi niin [&hellip;]<\/p>\n","protected":false},"author":1,"featured_media":0,"parent":0,"menu_order":0,"comment_status":"closed","ping_status":"closed","template":"","meta":{"_uag_custom_page_level_css":"","site-sidebar-layout":"default","site-content-layout":"","ast-site-content-layout":"default","site-content-style":"default","site-sidebar-style":"default","ast-global-header-display":"","ast-banner-title-visibility":"","ast-main-header-display":"","ast-hfb-above-header-display":"","ast-hfb-below-header-display":"","ast-hfb-mobile-header-display":"","site-post-title":"","ast-breadcrumbs-content":"","ast-featured-img":"","footer-sml-layout":"","ast-disable-related-posts":"","theme-transparent-header-meta":"","adv-header-id-meta":"","stick-header-meta":"","header-above-stick-meta":"","header-main-stick-meta":"","header-below-stick-meta":"","astra-migrate-meta-layouts":"default","ast-page-background-enabled":"default","ast-page-background-meta":{"desktop":{"background-color":"var(--ast-global-color-4)","background-image":"","background-repeat":"repeat","background-position":"center center","background-size":"auto","background-attachment":"scroll","background-type":"","background-media":"","overlay-type":"","overlay-color":"","overlay-opacity":"","overlay-gradient":""},"tablet":{"background-color":"","background-image":"","background-repeat":"repeat","background-position":"center center","background-size":"auto","background-attachment":"scroll","background-type":"","background-media":"","overlay-type":"","overlay-color":"","overlay-opacity":"","overlay-gradient":""},"mobile":{"background-color":"","background-image":"","background-repeat":"repeat","background-position":"center center","background-size":"auto","background-attachment":"scroll","background-type":"","background-media":"","overlay-type":"","overlay-color":"","overlay-opacity":"","overlay-gradient":""}},"ast-content-background-meta":{"desktop":{"background-color":"var(--ast-global-color-5)","background-image":"","background-repeat":"repeat","background-position":"center center","background-size":"auto","background-attachment":"scroll","background-type":"","background-media":"","overlay-type":"","overlay-color":"","overlay-opacity":"","overlay-gradient":""},"tablet":{"background-color":"var(--ast-global-color-5)","background-image":"","background-repeat":"repeat","background-position":"center center","background-size":"auto","background-attachment":"scroll","background-type":"","background-media":"","overlay-type":"","overlay-color":"","overlay-opacity":"","overlay-gradient":""},"mobile":{"background-color":"var(--ast-global-color-5)","background-image":"","background-repeat":"repeat","background-position":"center center","background-size":"auto","background-attachment":"scroll","background-type":"","background-media":"","overlay-type":"","overlay-color":"","overlay-opacity":"","overlay-gradient":""}},"footnotes":""},"class_list":["post-534","page","type-page","status-publish","hentry"],"uagb_featured_image_src":{"full":false,"thumbnail":false,"medium":false,"medium_large":false,"large":false,"1536x1536":false,"2048x2048":false},"uagb_author_info":{"display_name":"admin","author_link":"https:\/\/hajusteyliherkkyys.com\/author\/admin\/"},"uagb_comment_info":0,"uagb_excerpt":"Hajuste- ja kemikaaliherkkyyteen saa helpotusta l\u00f6yt\u00e4m\u00e4ll\u00e4 sopivat hajusteettomat tuotteet, sek\u00e4 hajusteettomat palvelut ja saatavilla on erilaisia apuv\u00e4lineit\u00e4 ilman suodattamiseksi niin [&hellip;]","_links":{"self":[{"href":"https:\/\/hajusteyliherkkyys.com\/index.php\/wp-json\/wp\/v2\/pages\/534","targetHints":{"allow":["GET"]}}],"collection":[{"href":"https:\/\/hajusteyliherkkyys.com\/index.php\/wp-json\/wp\/v2\/pages"}],"about":[{"href":"https:\/\/hajusteyliherkkyys.com\/index.php\/wp-json\/wp\/v2\/types\/page"}],"author":[{"embeddable":true,"href":"https:\/\/hajusteyliherkkyys.com\/index.php\/wp-json\/wp\/v2\/users\/1"}],"replies":[{"embeddable":true,"href":"https:\/\/hajusteyliherkkyys.com\/index.php\/wp-json\/wp\/v2\/comments?post=534"}],"version-history":[{"count":8,"href":"https:\/\/hajusteyliherkkyys.com\/index.php\/wp-json\/wp\/v2\/pages\/534\/revisions"}],"predecessor-version":[{"id":989,"href":"https:\/\/hajusteyliherkkyys.com\/index.php\/wp-json\/wp\/v2\/pages\/534\/revisions\/989"}],"wp:attachment":[{"href":"https:\/\/hajusteyliherkkyys.com\/index.php\/wp-json\/wp\/v2\/media?parent=534"}],"curies":[{"name":"wp","href":"https:\/\/api.w.org\/{rel}","templated":true}]}}