{"id":409,"date":"2024-03-28T14:21:36","date_gmt":"2024-03-28T14:21:36","guid":{"rendered":"https:\/\/hajusteyliherkkyys.com\/?page_id=409"},"modified":"2024-03-28T14:27:09","modified_gmt":"2024-03-28T14:27:09","slug":"kunniakirjat","status":"publish","type":"page","link":"https:\/\/hajusteyliherkkyys.com\/index.php\/kunniakirjat\/","title":{"rendered":"Kunniakirjat"},"content":{"rendered":"\n<p><em>Yhdistys on vuodesta 2021 l\u00e4htien antanut vuosittain kunniakirjoja sis\u00e4ilmasta sairastuneiden ja kemikaaliyliherkkien aseman helpottamisessa kyseisen\u00e4 vuonna ansioituneelle henkil\u00f6lle tai taholle.&nbsp;<strong>Vuonna 2022 yhdistys t\u00e4ytt\u00e4\u00e4 20 vuotta<\/strong>&nbsp;ja antaa syntym\u00e4p\u00e4iv\u00e4ns\u00e4 kunniaksi kunniakirjoja my\u00f6s aiempina vuosina ansioituneille henkil\u00f6ille ja tahoille.<\/em><\/p>\n\n\n\n<hr class=\"wp-block-separator has-alpha-channel-opacity\"\/>\n\n\n\n<h2 class=\"wp-block-heading\">Sis\u00e4ilmasankarit 2023<\/h2>\n\n\n\n<figure class=\"wp-block-image size-large is-resized\"><img loading=\"lazy\" decoding=\"async\" width=\"1024\" height=\"723\" src=\"https:\/\/hajusteyliherkkyys.com\/wp-content\/uploads\/2024\/03\/kunniakirja2023-1024x723.png\" alt=\"Sis\u00e4ilmasankari kunniakirja 2023\" class=\"wp-image-233\" style=\"width:590px\" srcset=\"https:\/\/hajusteyliherkkyys.com\/wp-content\/uploads\/2024\/03\/kunniakirja2023-1024x723.png 1024w, https:\/\/hajusteyliherkkyys.com\/wp-content\/uploads\/2024\/03\/kunniakirja2023-300x212.png 300w, https:\/\/hajusteyliherkkyys.com\/wp-content\/uploads\/2024\/03\/kunniakirja2023-768x542.png 768w, https:\/\/hajusteyliherkkyys.com\/wp-content\/uploads\/2024\/03\/kunniakirja2023-1536x1085.png 1536w, https:\/\/hajusteyliherkkyys.com\/wp-content\/uploads\/2024\/03\/kunniakirja2023.png 1733w\" sizes=\"auto, (max-width: 1024px) 100vw, 1024px\" \/><\/figure>\n\n\n\n<p>T\u00e4n\u00e4 vuonna tulee t\u00e4yteen 20-vuotta yhdistyksen rekister\u00f6innist\u00e4. Yhdistys pyysi viime vuonna j\u00e4seni\u00e4 ehdottamaan kunniankirjan ansaitsevia. Yhdistys on my\u00f6nt\u00e4nyt t\u00e4n\u00e4 vuonna &#8221;Sitke\u00e4 sis\u00e4ilmataistelija \u2013 Hake 20-vuotta&#8221; \u2013kunniakirjat eniten kannatusta saaneille, jotka ovat: professori ja l\u00e4\u00e4ketieteen tohtori Ville Valtonen, kliinisen mikrobiologian erikoisl\u00e4\u00e4k\u00e4ri ja l\u00e4\u00e4ketieteellisen mikrobiologian dosentti Tamara Tuuminen, mikrobiologi ja professori Mirja Salkinoja-Salonen, ty\u00f6terveyshuollon ja ymp\u00e4rist\u00f6l\u00e4\u00e4ketieteen professori Tuula Putus sek\u00e4 l\u00e4\u00e4k\u00e4ri ja filosofian tohtori Erkki Antila.<\/p>\n\n\n\n<hr class=\"wp-block-separator has-alpha-channel-opacity\"\/>\n\n\n\n<h2 class=\"wp-block-heading\">Sis\u00e4ilmasankari 2022<\/h2>\n\n\n\n<figure class=\"wp-block-image size-large is-resized\"><img loading=\"lazy\" decoding=\"async\" width=\"1024\" height=\"724\" src=\"https:\/\/hajusteyliherkkyys.com\/wp-content\/uploads\/2024\/03\/kunniakirja2022SaijaHyvonen-1-1024x724.png\" alt=\"Sis\u00e4ilmasankari kunniakirja 2022\" class=\"wp-image-406\" style=\"width:590px\" srcset=\"https:\/\/hajusteyliherkkyys.com\/wp-content\/uploads\/2024\/03\/kunniakirja2022SaijaHyvonen-1-1024x724.png 1024w, https:\/\/hajusteyliherkkyys.com\/wp-content\/uploads\/2024\/03\/kunniakirja2022SaijaHyvonen-1-300x212.png 300w, https:\/\/hajusteyliherkkyys.com\/wp-content\/uploads\/2024\/03\/kunniakirja2022SaijaHyvonen-1-768x543.png 768w, https:\/\/hajusteyliherkkyys.com\/wp-content\/uploads\/2024\/03\/kunniakirja2022SaijaHyvonen-1-1536x1086.png 1536w, https:\/\/hajusteyliherkkyys.com\/wp-content\/uploads\/2024\/03\/kunniakirja2022SaijaHyvonen-1-2048x1448.png 2048w\" sizes=\"auto, (max-width: 1024px) 100vw, 1024px\" \/><\/figure>\n\n\n\n<h3 class=\"wp-block-heading\">L\u00e4\u00e4ketieteen tohtori Saija Hyv\u00f6nen<\/h3>\n\n\n\n<p>L\u00e4\u00e4ketieteen tohtori Saija Hyv\u00f6nen havaitsi v\u00e4it\u00f6skirjassaan 2022, ett\u00e4 sis\u00e4ilmaongelmista k\u00e4rsineell\u00e4 poliisilaitoksella terveist\u00e4 poliiseista 22 % ja k\u00e4til\u00f6opistolla 40 % k\u00e4til\u00f6ist\u00e4 sairastui kemikaaliyliherkkyyteen. Terveiss\u00e4 tiloissa ty\u00f6skennelleist\u00e4 verrokeista vain 9 % sairasti kemikaaliyliherkkyytt\u00e4. Hyv\u00f6sen v\u00e4it\u00f6skirja siis osoittaa, ett\u00e4 kosteusvauriomikrobeista k\u00e4rsiv\u00e4ll\u00e4 ty\u00f6paikalla ty\u00f6skentely lis\u00e4\u00e4 merkitt\u00e4v\u00e4sti riski\u00e4 sairastua kemikaaliyliherkkyyteen. Suomen Hajuste- ja Kemikaaliyliherk\u00e4t on my\u00f6nt\u00e4nyt Saija Hyv\u00f6selle ty\u00f6st\u00e4\u00e4n&nbsp;<a href=\"https:\/\/hajusteyliherkkyys.com\/wp-content\/uploads\/2024\/03\/kunniakirja2022SaijaHyvonen.pdf\" data-type=\"link\" data-id=\"https:\/\/hajusteyliherkkyys.com\/wp-content\/uploads\/2024\/03\/kunniakirja2022SaijaHyvonen.pdf\">Sis\u00e4ilmasankari 2022 -kunniakirjan<\/a>.<\/p>\n\n\n\n<hr class=\"wp-block-separator has-alpha-channel-opacity\"\/>\n\n\n\n<h2 class=\"wp-block-heading\">Sis\u00e4ilmasankari 2021<\/h2>\n\n\n\n<figure class=\"wp-block-image size-large is-resized\"><img loading=\"lazy\" decoding=\"async\" width=\"1024\" height=\"724\" src=\"https:\/\/hajusteyliherkkyys.com\/wp-content\/uploads\/2024\/03\/kunniakirja2021-1-1024x724.png\" alt=\"Sis\u00e4ilmasankari kunniakirja 2021\" class=\"wp-image-407\" style=\"width:590px\" srcset=\"https:\/\/hajusteyliherkkyys.com\/wp-content\/uploads\/2024\/03\/kunniakirja2021-1-1024x724.png 1024w, https:\/\/hajusteyliherkkyys.com\/wp-content\/uploads\/2024\/03\/kunniakirja2021-1-300x212.png 300w, https:\/\/hajusteyliherkkyys.com\/wp-content\/uploads\/2024\/03\/kunniakirja2021-1-768x543.png 768w, https:\/\/hajusteyliherkkyys.com\/wp-content\/uploads\/2024\/03\/kunniakirja2021-1-1536x1086.png 1536w, https:\/\/hajusteyliherkkyys.com\/wp-content\/uploads\/2024\/03\/kunniakirja2021-1-2048x1447.png 2048w\" sizes=\"auto, (max-width: 1024px) 100vw, 1024px\" \/><\/figure>\n\n\n\n<h3 class=\"wp-block-heading\">Rataskodit Oy<\/h3>\n\n\n\n<p>Suomen Hajuste- ja kemikaaliyliherk\u00e4t ry on my\u00f6nt\u00e4nyt Sis\u00e4ilmasankari 2021 &#8211; kunniakirjan kemikaaliyliherkille sopivia koteja rakentavalle Rataskodit Oy:lle:&nbsp;<a href=\"https:\/\/hajusteyliherkkyys.com\/wp-content\/uploads\/2024\/03\/kunniakirja2021.pdf\" data-type=\"link\" data-id=\"https:\/\/hajusteyliherkkyys.com\/wp-content\/uploads\/2024\/03\/kunniakirja2021.pdf\">Kunniakirja Rataskodille (PDF)<\/a>&nbsp;(PDF) Lis\u00e4tietoa:&nbsp;<a href=\"https:\/\/rataskodit.com\/\" target=\"_blank\" rel=\"noreferrer noopener\">https:\/\/rataskodit.com<\/a><\/p>\n","protected":false},"excerpt":{"rendered":"<p>Yhdistys on vuodesta 2021 l\u00e4htien antanut vuosittain kunniakirjoja sis\u00e4ilmasta sairastuneiden ja kemikaaliyliherkkien aseman helpottamisessa kyseisen\u00e4 vuonna ansioituneelle henkil\u00f6lle tai taholle.&nbsp;Vuonna [&hellip;]<\/p>\n","protected":false},"author":1,"featured_media":0,"parent":0,"menu_order":0,"comment_status":"closed","ping_status":"closed","template":"","meta":{"_uag_custom_page_level_css":"","site-sidebar-layout":"default","site-content-layout":"","ast-site-content-layout":"default","site-content-style":"default","site-sidebar-style":"default","ast-global-header-display":"","ast-banner-title-visibility":"","ast-main-header-display":"","ast-hfb-above-header-display":"","ast-hfb-below-header-display":"","ast-hfb-mobile-header-display":"","site-post-title":"","ast-breadcrumbs-content":"","ast-featured-img":"","footer-sml-layout":"","ast-disable-related-posts":"","theme-transparent-header-meta":"","adv-header-id-meta":"","stick-header-meta":"","header-above-stick-meta":"","header-main-stick-meta":"","header-below-stick-meta":"","astra-migrate-meta-layouts":"default","ast-page-background-enabled":"default","ast-page-background-meta":{"desktop":{"background-color":"var(--ast-global-color-4)","background-image":"","background-repeat":"repeat","background-position":"center center","background-size":"auto","background-attachment":"scroll","background-type":"","background-media":"","overlay-type":"","overlay-color":"","overlay-opacity":"","overlay-gradient":""},"tablet":{"background-color":"","background-image":"","background-repeat":"repeat","background-position":"center center","background-size":"auto","background-attachment":"scroll","background-type":"","background-media":"","overlay-type":"","overlay-color":"","overlay-opacity":"","overlay-gradient":""},"mobile":{"background-color":"","background-image":"","background-repeat":"repeat","background-position":"center center","background-size":"auto","background-attachment":"scroll","background-type":"","background-media":"","overlay-type":"","overlay-color":"","overlay-opacity":"","overlay-gradient":""}},"ast-content-background-meta":{"desktop":{"background-color":"var(--ast-global-color-5)","background-image":"","background-repeat":"repeat","background-position":"center center","background-size":"auto","background-attachment":"scroll","background-type":"","background-media":"","overlay-type":"","overlay-color":"","overlay-opacity":"","overlay-gradient":""},"tablet":{"background-color":"var(--ast-global-color-5)","background-image":"","background-repeat":"repeat","background-position":"center center","background-size":"auto","background-attachment":"scroll","background-type":"","background-media":"","overlay-type":"","overlay-color":"","overlay-opacity":"","overlay-gradient":""},"mobile":{"background-color":"var(--ast-global-color-5)","background-image":"","background-repeat":"repeat","background-position":"center center","background-size":"auto","background-attachment":"scroll","background-type":"","background-media":"","overlay-type":"","overlay-color":"","overlay-opacity":"","overlay-gradient":""}},"footnotes":""},"class_list":["post-409","page","type-page","status-publish","hentry"],"uagb_featured_image_src":{"full":false,"thumbnail":false,"medium":false,"medium_large":false,"large":false,"1536x1536":false,"2048x2048":false},"uagb_author_info":{"display_name":"admin","author_link":"https:\/\/hajusteyliherkkyys.com\/author\/admin\/"},"uagb_comment_info":0,"uagb_excerpt":"Yhdistys on vuodesta 2021 l\u00e4htien antanut vuosittain kunniakirjoja sis\u00e4ilmasta sairastuneiden ja kemikaaliyliherkkien aseman helpottamisessa kyseisen\u00e4 vuonna ansioituneelle henkil\u00f6lle tai taholle.&nbsp;Vuonna [&hellip;]","_links":{"self":[{"href":"https:\/\/hajusteyliherkkyys.com\/index.php\/wp-json\/wp\/v2\/pages\/409","targetHints":{"allow":["GET"]}}],"collection":[{"href":"https:\/\/hajusteyliherkkyys.com\/index.php\/wp-json\/wp\/v2\/pages"}],"about":[{"href":"https:\/\/hajusteyliherkkyys.com\/index.php\/wp-json\/wp\/v2\/types\/page"}],"author":[{"embeddable":true,"href":"https:\/\/hajusteyliherkkyys.com\/index.php\/wp-json\/wp\/v2\/users\/1"}],"replies":[{"embeddable":true,"href":"https:\/\/hajusteyliherkkyys.com\/index.php\/wp-json\/wp\/v2\/comments?post=409"}],"version-history":[{"count":2,"href":"https:\/\/hajusteyliherkkyys.com\/index.php\/wp-json\/wp\/v2\/pages\/409\/revisions"}],"predecessor-version":[{"id":416,"href":"https:\/\/hajusteyliherkkyys.com\/index.php\/wp-json\/wp\/v2\/pages\/409\/revisions\/416"}],"wp:attachment":[{"href":"https:\/\/hajusteyliherkkyys.com\/index.php\/wp-json\/wp\/v2\/media?parent=409"}],"curies":[{"name":"wp","href":"https:\/\/api.w.org\/{rel}","templated":true}]}}