{"id":249,"date":"2024-03-25T14:32:10","date_gmt":"2024-03-25T14:32:10","guid":{"rendered":"https:\/\/hajusteyliherkkyys.com\/?page_id=249"},"modified":"2024-03-27T16:04:57","modified_gmt":"2024-03-27T16:04:57","slug":"pa-svenska","status":"publish","type":"page","link":"https:\/\/hajusteyliherkkyys.com\/index.php\/pa-svenska\/","title":{"rendered":"P\u00e5 Svenska"},"content":{"rendered":"\n<p><a href=\"https:\/\/hajusteyliherkkyys.com\/wp-content\/uploads\/2024\/03\/esite_ruotsi_2023.pdf\" data-type=\"link\" data-id=\"https:\/\/hajusteyliherkkyys.com\/wp-content\/uploads\/2024\/03\/esite_ruotsi_2023.pdf\" target=\"_blank\" rel=\"noreferrer noopener\">Broschyr p\u00e5 svenska<\/a><\/p>\n\n\n\n<h2 class=\"wp-block-heading\">Doft- och Kemikalie\u00f6verk\u00e4nsliga i Finland<\/h2>\n\n\n\n<p>\u2022 \u00c4r en intresseorganisation f\u00f6r doft- och kemikalie\u00f6verk\u00e4nsliga<br><br>\u2022 St\u00f6der de utsatta och ordnar tr\u00e4ffar med kamratst\u00f6d<br><br>\u2022 Informerar om doft- och kemikalie\u00f6verk\u00e4nslighet<\/p>\n\n\n\n<p>Alla doft- och kemikalie\u00f6verk\u00e4nsliga med n\u00e4rst\u00e5ende samt andra intresserade v\u00e4lkomnas i f\u00f6reningen.<\/p>\n\n\n\n<p>hakeinfo@gmail. com<\/p>\n\n\n\n<h2 class=\"wp-block-heading\">M\u00e5nga \u00e4r \u00f6verk\u00e4nsliga mot lukt\u00e4mnen och andra kemikalier<\/h2>\n\n\n\n<p>\u00d6verk\u00e4nsligheten mot kemikalier \u00e4r ett v\u00e4xande problem \u00e4ven i Finland. Orsaken till<br>\u00f6verk\u00e4nsligheten \u00e4r f\u00f6rh\u00f6jd i dunkel, men man forskar i \u00e4mnet. \u00d6verk\u00e4nslighetens sv\u00e5righetsgrad varierar fr\u00e5n fall till fall. Vissa doft\u00f6verk\u00e4nsliga kan leva ett normalt liv, om de sj\u00e4lva undviker lukt\u00e4mnen. Andra reagerar \u00e5 sin sida p\u00e5 redan s\u00e5 sm\u00e5 halter att kemikalierna i till exempel tv\u00e4ttmedel och parfymer i n\u00e4rmilj\u00f6n framkallar kraftiga symptom.<\/p>\n\n\n\n<h2 class=\"wp-block-heading\">Hur reagerar de \u00f6verk\u00e4nsliga?<\/h2>\n\n\n\n<p>\u00d6verk\u00e4nsligheten mot lukt\u00e4mnen och kemikalier kan ta sig uttryck p\u00e5 m\u00e5nga s\u00e4tt. Typiska symptom efter exponering \u00e4r huvudv\u00e4rk, illam\u00e5ende, \u00f6gon-, slemhinne-, hud- och<\/p>\n\n\n\n<p>andningssymptom samt m\u00e5nga allm\u00e4nna symptom, s\u00e5som svindel och tr\u00f6tthet. I v\u00e4rsta fall omintetg\u00f6r symptomen arbete och fritidsvistelse i en milj\u00f6 med exponering f\u00f6r allergiframkallande \u00e4mnen. \u00d6verk\u00e4nsliga personer som inte uts\u00e4tts f\u00f6r kemikalier \u00e4r symptomfria och m\u00e5r bra.<\/p>\n\n\n\n<p>Ren inomhusluft \u00e4r ett livsvillkor f\u00f6r doft- och kemikalie\u00f6verk\u00e4nsliga<\/p>\n\n\n\n<p>Tillsvidare kan \u00f6verk\u00e4nslighet inte botas med l\u00e4kemedel, \u00e4ven om vissa mediciner kan lindra symptomen. Den effektivaste symptomlindrande metoden \u00e4r att undvika exponering. D\u00e4rf\u00f6r \u00e4r det viktigt att b\u00e5de inom- och utomhusluften \u00e4r ren. Ren inomhusluft inneb\u00e4r inte bara god ventilation utan ocks\u00e5 en str\u00e4van att inomhus anv\u00e4nda s\u00e5 litet kemikalier som m\u00f6jligt. F\u00f6r den \u00f6verk\u00e4nsliga l\u00f6nar det sig att gynna luktfria produkter och l\u00e5gemitterande material av M1- klass. Fuktskador ska alltid \u00e5tg\u00e4rdas i tid, eftersom m\u00f6gelexponering kan orsaka eller f\u00f6rsv\u00e5ra \u00f6verk\u00e4nsligheten. Doft- eller kemikalie\u00f6verk\u00e4nsliga kan ocks\u00e5 skydda sig mot utsatthet med hj\u00e4lp av egna andningsskydd.<\/p>\n\n\n\n<h2 class=\"wp-block-heading\">Du kan hj\u00e4lpa de \u00f6verk\u00e4nsliga<\/h2>\n\n\n\n<p>Om n\u00e5gon av dina n\u00e4rst\u00e5ende \u00e4r k\u00e4nslig f\u00f6r lukt\u00e4mnen kan du hj\u00e4lpa honom eller henne genom att anv\u00e4nda luktfria produkter och h\u00e5lla undan symptomframkallande \u00e4mnen i n\u00e4romgivningen. Doftande blommor eller vilka lukt\u00e4mnesprodukter som helst kan medf\u00f6ra besv\u00e4r f\u00f6r den \u00f6verk\u00e4nsliga. F\u00f6r dj\u00e4rvt upp saken till diskussion och f\u00f6rh\u00e5ll dig naturligt till de skyddsmetoder som personen sj\u00e4lv anlitar. Man kan bli \u00f6verk\u00e4nslig mot lukt\u00e4mnen och kemikalier endast genom exponering; d\u00e4rf\u00f6r \u00e4r de sk\u00e4l att alltid minska kemikaliebelastningen i n\u00e4rmilj\u00f6n. Genom att undvika on\u00f6diga kemikalier kan man undvika h\u00e4lsoproblem.<\/p>\n\n\n\n<h2 class=\"wp-block-heading\">Bli medlem<\/h2>\n\n\n\n<p>hakeinfo@gmail.com<\/p>\n\n\n\n<p>Medlemsavgiften \u00e4r 15 \u20ac\/\u00e5r.<\/p>\n\n\n\n<p>Klipp h\u00e4r<br>ANSLUTNINGSANM\u00c4LAN<\/p>\n\n\n\n<p>Namn<br>F\u00f6delse\u00e5r<br>E-postadress<br>Telefonnummer<br>Adress<\/p>\n","protected":false},"excerpt":{"rendered":"<p>Broschyr p\u00e5 svenska Doft- och Kemikalie\u00f6verk\u00e4nsliga i Finland \u2022 \u00c4r en intresseorganisation f\u00f6r doft- och kemikalie\u00f6verk\u00e4nsliga \u2022 St\u00f6der de utsatta [&hellip;]<\/p>\n","protected":false},"author":1,"featured_media":0,"parent":0,"menu_order":0,"comment_status":"closed","ping_status":"closed","template":"","meta":{"_uag_custom_page_level_css":"","site-sidebar-layout":"default","site-content-layout":"","ast-site-content-layout":"default","site-content-style":"default","site-sidebar-style":"default","ast-global-header-display":"","ast-banner-title-visibility":"","ast-main-header-display":"","ast-hfb-above-header-display":"","ast-hfb-below-header-display":"","ast-hfb-mobile-header-display":"","site-post-title":"","ast-breadcrumbs-content":"","ast-featured-img":"","footer-sml-layout":"","ast-disable-related-posts":"","theme-transparent-header-meta":"","adv-header-id-meta":"","stick-header-meta":"","header-above-stick-meta":"","header-main-stick-meta":"","header-below-stick-meta":"","astra-migrate-meta-layouts":"default","ast-page-background-enabled":"default","ast-page-background-meta":{"desktop":{"background-color":"var(--ast-global-color-4)","background-image":"","background-repeat":"repeat","background-position":"center center","background-size":"auto","background-attachment":"scroll","background-type":"","background-media":"","overlay-type":"","overlay-color":"","overlay-opacity":"","overlay-gradient":""},"tablet":{"background-color":"","background-image":"","background-repeat":"repeat","background-position":"center center","background-size":"auto","background-attachment":"scroll","background-type":"","background-media":"","overlay-type":"","overlay-color":"","overlay-opacity":"","overlay-gradient":""},"mobile":{"background-color":"","background-image":"","background-repeat":"repeat","background-position":"center center","background-size":"auto","background-attachment":"scroll","background-type":"","background-media":"","overlay-type":"","overlay-color":"","overlay-opacity":"","overlay-gradient":""}},"ast-content-background-meta":{"desktop":{"background-color":"var(--ast-global-color-5)","background-image":"","background-repeat":"repeat","background-position":"center center","background-size":"auto","background-attachment":"scroll","background-type":"","background-media":"","overlay-type":"","overlay-color":"","overlay-opacity":"","overlay-gradient":""},"tablet":{"background-color":"var(--ast-global-color-5)","background-image":"","background-repeat":"repeat","background-position":"center center","background-size":"auto","background-attachment":"scroll","background-type":"","background-media":"","overlay-type":"","overlay-color":"","overlay-opacity":"","overlay-gradient":""},"mobile":{"background-color":"var(--ast-global-color-5)","background-image":"","background-repeat":"repeat","background-position":"center center","background-size":"auto","background-attachment":"scroll","background-type":"","background-media":"","overlay-type":"","overlay-color":"","overlay-opacity":"","overlay-gradient":""}},"footnotes":""},"class_list":["post-249","page","type-page","status-publish","hentry"],"uagb_featured_image_src":{"full":false,"thumbnail":false,"medium":false,"medium_large":false,"large":false,"1536x1536":false,"2048x2048":false},"uagb_author_info":{"display_name":"admin","author_link":"https:\/\/hajusteyliherkkyys.com\/author\/admin\/"},"uagb_comment_info":0,"uagb_excerpt":"Broschyr p\u00e5 svenska Doft- och Kemikalie\u00f6verk\u00e4nsliga i Finland \u2022 \u00c4r en intresseorganisation f\u00f6r doft- och kemikalie\u00f6verk\u00e4nsliga \u2022 St\u00f6der de utsatta [&hellip;]","_links":{"self":[{"href":"https:\/\/hajusteyliherkkyys.com\/index.php\/wp-json\/wp\/v2\/pages\/249","targetHints":{"allow":["GET"]}}],"collection":[{"href":"https:\/\/hajusteyliherkkyys.com\/index.php\/wp-json\/wp\/v2\/pages"}],"about":[{"href":"https:\/\/hajusteyliherkkyys.com\/index.php\/wp-json\/wp\/v2\/types\/page"}],"author":[{"embeddable":true,"href":"https:\/\/hajusteyliherkkyys.com\/index.php\/wp-json\/wp\/v2\/users\/1"}],"replies":[{"embeddable":true,"href":"https:\/\/hajusteyliherkkyys.com\/index.php\/wp-json\/wp\/v2\/comments?post=249"}],"version-history":[{"count":2,"href":"https:\/\/hajusteyliherkkyys.com\/index.php\/wp-json\/wp\/v2\/pages\/249\/revisions"}],"predecessor-version":[{"id":367,"href":"https:\/\/hajusteyliherkkyys.com\/index.php\/wp-json\/wp\/v2\/pages\/249\/revisions\/367"}],"wp:attachment":[{"href":"https:\/\/hajusteyliherkkyys.com\/index.php\/wp-json\/wp\/v2\/media?parent=249"}],"curies":[{"name":"wp","href":"https:\/\/api.w.org\/{rel}","templated":true}]}}