{"id":239,"date":"2024-03-25T14:10:05","date_gmt":"2024-03-25T14:10:05","guid":{"rendered":"https:\/\/hajusteyliherkkyys.com\/?page_id=239"},"modified":"2025-11-25T16:41:21","modified_gmt":"2025-11-25T16:41:21","slug":"apuvalineet","status":"publish","type":"page","link":"https:\/\/hajusteyliherkkyys.com\/index.php\/apuvalineet\/","title":{"rendered":"Apuv\u00e4lineit\u00e4"},"content":{"rendered":"\n<div class=\"wp-block-cover\" style=\"min-height:100vh;aspect-ratio:unset;\"><img loading=\"lazy\" decoding=\"async\" width=\"945\" height=\"945\" class=\"wp-block-cover__image-background wp-image-709\" alt=\"Kuvassa on piirretty nainen, jolla on valkoinen paita ja h\u00e4nen edess\u00e4\u00e4n on ilmanpuhdistinlaite joka puhaltaa ilmaa\" src=\"https:\/\/hajusteyliherkkyys.com\/wp-content\/uploads\/2024\/04\/apuvalineet-ilmanpuhdistin.png\" data-object-fit=\"cover\" srcset=\"https:\/\/hajusteyliherkkyys.com\/wp-content\/uploads\/2024\/04\/apuvalineet-ilmanpuhdistin.png 945w, https:\/\/hajusteyliherkkyys.com\/wp-content\/uploads\/2024\/04\/apuvalineet-ilmanpuhdistin-300x300.png 300w, https:\/\/hajusteyliherkkyys.com\/wp-content\/uploads\/2024\/04\/apuvalineet-ilmanpuhdistin-150x150.png 150w, https:\/\/hajusteyliherkkyys.com\/wp-content\/uploads\/2024\/04\/apuvalineet-ilmanpuhdistin-768x768.png 768w\" sizes=\"auto, (max-width: 945px) 100vw, 945px\" \/><span aria-hidden=\"true\" class=\"wp-block-cover__background has-background-dim\"><\/span><div class=\"wp-block-cover__inner-container is-layout-constrained wp-block-cover-is-layout-constrained\">\n<p class=\"has-text-align-center has-large-font-size\">Apuv\u00e4lineet<\/p>\n<\/div><\/div>\n\n\n\n<p><\/p>\n\n\n\n<h2 class=\"wp-block-heading\">Hajuste- ja kemikaaliherk\u00e4n apuv\u00e4lineet<\/h2>\n\n\n\n<p><\/p>\n\n\n\n<p class=\"has-medium-font-size\">Hajuste- ja kemikaaliyliherkkyydess\u00e4 apuv\u00e4lineet toimivat yksil\u00f6llisesti. Joillekin ne tuovat apua, joillekin eiv\u00e4t. Voi my\u00f6s olla, ett\u00e4 apuv\u00e4lineiden materiaalit tai niiss\u00e4 k\u00e4ytetyt kemikaalit aiheuttavat oireita, jolloin niiden k\u00e4ytt\u00e4minen ei onnistu.<\/p>\n\n\n\n<p class=\"has-medium-font-size\">Kotona tai ty\u00f6paikalla voi k\u00e4ytt\u00e4\u00e4 ilmanpuhdistimia. Otsonoivia tai biosidisia ilmanpuhdistimia ei suositella k\u00e4ytett\u00e4v\u00e4n. Niist\u00e4 voi olla enemm\u00e4n terveyshaittoja kuin hy\u00f6tyj\u00e4.<\/p>\n\n\n\n<p class=\"has-medium-font-size\">Mik\u00e4 tahansa kangas tai suoja kasvojen edess\u00e4 voi olla parempi kuin ei mit\u00e4\u00e4n suojaa, esimerkiksi tiheakankainen kaulahuivi voi toimia hyvin. <\/p>\n\n\n\n<p class=\"has-medium-font-size\">Usein sek\u00e4 hengityssuojaimissa, ett\u00e4 ilmanpuhdistimessa on teht\u00e4v\u00e4lt\u00e4\u00e4n samanlaisia suodattimia. Hiukkassuodatin on p\u00f6lym\u00e4isten hiukkasten suodattamiseksi ja aktiivihiili suodattamassa kaasumaisempia yhdisteit\u00e4. Aktiivihiilen tunnistat hengityssuojaimen kevyimmiss\u00e4 versioissa usein harmaasta pinnasta esimerkiksi &#8230;..M3 malli . FFP2 suodattaa hiukkasia 95% sti. On huomattava, ett\u00e4 hajusteet eiv\u00e4t ole hiukkasia ja n\u00e4in ollet FFP2 ja FFP3 luokan hengityssuojaimet eiv\u00e4t tuo sinulle v\u00e4ltt\u00e4m\u00e4tt\u00e4 riitt\u00e4v\u00e4\u00e4 helpotusta. <\/p>\n\n\n\n<p class=\"has-medium-font-size\">Seuraavaksi j\u00e4reimm\u00e4t hengityssuojaimet ovat puolinaamareita, joissa on j\u00e4re\u00e4mm\u00e4t kaasumaisten yhdisteiden suodatimet. Niiss\u00e4 on usein enemm\u00e4n kokoa, painoa ja hengitysvastusta ja ulkon\u00e4\u00f6llisestikin merkitt\u00e4v\u00e4 ero kevyempiin hengityssuojiin. Ne suojaavat kuitenkin ehdottomasti paremmin hajusteilta ja muilta kemikaaleilta kuin pelk\u00e4t hiukkasia suodattavat kevyemm\u00e4t hengityssuojaimet.  <\/p>\n\n\n\n<p class=\"has-medium-font-size\">K\u00e4ytt\u00f6mukavuudeltaan hengitysvastuksen osalta helpompi on moottoroitu hengityssuojain, jossa moottori kuljettaa ilmaa suojaimen sis\u00e4\u00e4n suodattimien l\u00e4pi. Suodattimia on saatavilla erilaisia eri k\u00e4ytt\u00f6tarkoituksiin. Miinuksena moottoroidulla suojaimella on sen pit\u00e4m\u00e4 \u00e4\u00e4ni sek\u00e4 kallis hinta. <\/p>\n\n\n\n<p class=\"has-medium-font-size\"><strong>Miten ikin\u00e4 kehtaan pit\u00e4\u00e4 hengityssuojainta ihmisten ilmoilla?<\/strong><\/p>\n\n\n\n<p class=\"has-medium-font-size\">Hengityssuojaimen k\u00e4ytt\u00f6\u00f6notto &#8221;ihmistenilmoilla&#8221; vaatii kielt\u00e4m\u00e4tt\u00e4 rohkeutta. Korona-aika teki jonkinlaista palvelusta t\u00e4ss\u00e4 asiassa, sill\u00e4 hengityssuojaimet katukavussa ei ole en\u00e4\u00e4 suuren ihmettelyn aihe niinkuin ehk\u00e4 viel\u00e4 aikana ennen koronaa oli, vaan ne olivat hetki sitten arkip\u00e4iv\u00e4\u00e4 kaikilla ihmisill\u00e4 ja useat ihmiset ovat jatkaneet niiden k\u00e4ytt\u00f6\u00e4 erityisesti tiloissa, joissa on paljon ihmisi\u00e4. Suojainten k\u00e4ytt\u00f6 ei kiinnit\u00e4 en\u00e4\u00e4 erityisesti ihmisten huomiota. Jos joudut k\u00e4ytt\u00e4m\u00e4\u00e4n puolinaamarina ns. kaasunaamaria tai moottorik\u00e4ytt\u00f6ist\u00e4 suojainta, jotka kielt\u00e4m\u00e4tt\u00e4 ovat enemm\u00e4n huomiota her\u00e4tt\u00e4vi\u00e4, tarvitset vaan rohkeutta matkaan. Usein ensimm\u00e4iset kerrat tuntuvat vaikeilta ja kiinnitt\u00e4\u00e4 erityist\u00e4 huomata siihen, kuka tuijottaa. Se on normaalia, mutta se tunne usein helpottaa ja v\u00e4h\u00e4t v\u00e4lit\u00e4t lopulta mit\u00e4 joku sinusta ajattelee. Jos mahdollista, ota henkiseksi tueksi mukaan l\u00e4heinen tai joku tukihenkil\u00f6 ensimm\u00e4isille julkisille visiiteille apuv\u00e4lineen kanssa.<\/p>\n\n\n\n<p class=\"has-medium-font-size\">Hengityssuojain on apuv\u00e4line sinulle siin\u00e4, miss\u00e4 silm\u00e4lasit huonon\u00e4k\u00f6iselle tai py\u00f6r\u00e4tuoli liikuntarajoitteiselle. Meid\u00e4n rajoitteemme on hajuste- ja kemikaaliyliherkkyys ja mit\u00e4 useampi meist\u00e4 uskaltaa rohkeasti k\u00e4ytt\u00e4\u00e4 apuv\u00e4lineit\u00e4, sit\u00e4 tutummaksi ne tulevat yhteiskunnassamme, kuten kaikki muutkin apuv\u00e4lineet k\u00e4velykepeist\u00e4 l\u00e4htien. Apuv\u00e4lineiden avulla sinulla on mahdollisuus osallistua sellaisiin toimintoihin ja tapahtumiin, joihin en muuten pystyisi osallistumaan tai vaikkapa auttaa sinua selvi\u00e4m\u00e4\u00e4n matkasta julkisen liikenteen kulkuneuvoissa tai taksissa. <\/p>\n\n\n\n<div data-wp-interactive=\"core\/file\" class=\"wp-block-file\"><object data-wp-bind--hidden=\"!state.hasPdfPreview\" hidden class=\"wp-block-file__embed\" data=\"https:\/\/hajusteyliherkkyys.com\/wp-content\/uploads\/2024\/10\/ApuvalineitaSisailmanParantamiseksi-2024.pdf\" type=\"application\/pdf\" style=\"width:100%;height:600px\" aria-label=\"Tiedoston ApuvalineitaSisailmanParantamiseksi 2024 upotus.\"><\/object><a id=\"wp-block-file--media-de223e19-1fa6-4491-95f2-8d077e28b59a\" href=\"https:\/\/hajusteyliherkkyys.com\/wp-content\/uploads\/2024\/10\/ApuvalineitaSisailmanParantamiseksi-2024.pdf\">ApuvalineitaSisailmanParantamiseksi 2024<\/a><a href=\"https:\/\/hajusteyliherkkyys.com\/wp-content\/uploads\/2024\/10\/ApuvalineitaSisailmanParantamiseksi-2024.pdf\" class=\"wp-block-file__button wp-element-button\" download aria-describedby=\"wp-block-file--media-de223e19-1fa6-4491-95f2-8d077e28b59a\">Lataa<\/a><\/div>\n\n\n\n<div data-wp-interactive=\"core\/file\" class=\"wp-block-file\"><object data-wp-bind--hidden=\"!state.hasPdfPreview\" hidden class=\"wp-block-file__embed\" data=\"https:\/\/hajusteyliherkkyys.com\/wp-content\/uploads\/2025\/01\/Hengityksen-apuvalineet-2024.docx-1.pdf\" type=\"application\/pdf\" style=\"width:100%;height:600px\" aria-label=\"Tiedoston Hengityksen apuv\u00e4lineet 2024.docx upotus.\"><\/object><a id=\"wp-block-file--media-fde4e7b9-bd46-47f8-8dba-1b265ce80264\" href=\"https:\/\/hajusteyliherkkyys.com\/wp-content\/uploads\/2025\/01\/Hengityksen-apuvalineet-2024.docx-1.pdf\">Hengityksen apuv\u00e4lineet 2024.docx<\/a><a href=\"https:\/\/hajusteyliherkkyys.com\/wp-content\/uploads\/2025\/01\/Hengityksen-apuvalineet-2024.docx-1.pdf\" class=\"wp-block-file__button wp-element-button\" download aria-describedby=\"wp-block-file--media-fde4e7b9-bd46-47f8-8dba-1b265ce80264\">Lataa<\/a><\/div>\n\n\n\n<div data-wp-interactive=\"core\/file\" class=\"wp-block-file\"><object data-wp-bind--hidden=\"!state.hasPdfPreview\" hidden class=\"wp-block-file__embed\" data=\"https:\/\/hajusteyliherkkyys.com\/wp-content\/uploads\/2025\/01\/Hengityksen-apuvalineet-2024.docx-1.pdf\" type=\"application\/pdf\" style=\"width:100%;height:600px\" aria-label=\"Tiedoston Hengityksen apuv\u00e4lineet 2024.docx upotus.\"><\/object><a id=\"wp-block-file--media-473a2c07-65ce-4826-8925-c17edb8f2ac2\" href=\"https:\/\/hajusteyliherkkyys.com\/wp-content\/uploads\/2025\/01\/Hengityksen-apuvalineet-2024.docx-1.pdf\">Hengityksen apuv\u00e4lineet 2024.docx<\/a><a href=\"https:\/\/hajusteyliherkkyys.com\/wp-content\/uploads\/2025\/01\/Hengityksen-apuvalineet-2024.docx-1.pdf\" class=\"wp-block-file__button wp-element-button\" download aria-describedby=\"wp-block-file--media-473a2c07-65ce-4826-8925-c17edb8f2ac2\">Lataa<\/a><\/div>\n\n\n\n<p><\/p>\n\n\n\n<h2 class=\"wp-block-heading\">Apuv\u00e4lineit\u00e4 sis\u00e4ilman parantamiseksi<\/h2>\n\n\n\n<div data-wp-interactive=\"core\/file\" class=\"wp-block-file\"><object data-wp-bind--hidden=\"!state.hasPdfPreview\" hidden class=\"wp-block-file__embed\" data=\"https:\/\/hajusteyliherkkyys.com\/wp-content\/uploads\/2024\/03\/apuvalineitaSisailmanParantamiseksi.pdf\" type=\"application\/pdf\" style=\"width:100%;height:600px\" aria-label=\"Tiedoston apuvalineitaSisailmanParantamiseksi upotus.\"><\/object><a id=\"wp-block-file--media-cf009661-7b22-48ed-8b93-c0beabf33290\" href=\"https:\/\/hajusteyliherkkyys.com\/wp-content\/uploads\/2024\/03\/apuvalineitaSisailmanParantamiseksi.pdf\">apuvalineitaSisailmanParantamiseksi<\/a><a href=\"https:\/\/hajusteyliherkkyys.com\/wp-content\/uploads\/2024\/03\/apuvalineitaSisailmanParantamiseksi.pdf\" class=\"wp-block-file__button wp-element-button\" download aria-describedby=\"wp-block-file--media-cf009661-7b22-48ed-8b93-c0beabf33290\">Lataa<\/a><\/div>\n\n\n\n<div data-wp-interactive=\"core\/file\" class=\"wp-block-file\"><object data-wp-bind--hidden=\"!state.hasPdfPreview\" hidden class=\"wp-block-file__embed\" data=\"https:\/\/hajusteyliherkkyys.com\/wp-content\/uploads\/2024\/10\/ApuvalineitaSisailmanParantamiseksi-2024.pdf\" type=\"application\/pdf\" style=\"width:100%;height:600px\" aria-label=\"Tiedoston ApuvalineitaSisailmanParantamiseksi 2024 upotus.\"><\/object><a id=\"wp-block-file--media-5982bac1-8549-4d54-8ace-27236145bb88\" href=\"https:\/\/hajusteyliherkkyys.com\/wp-content\/uploads\/2024\/10\/ApuvalineitaSisailmanParantamiseksi-2024.pdf\">ApuvalineitaSisailmanParantamiseksi 2024<\/a><a href=\"https:\/\/hajusteyliherkkyys.com\/wp-content\/uploads\/2024\/10\/ApuvalineitaSisailmanParantamiseksi-2024.pdf\" class=\"wp-block-file__button wp-element-button\" download aria-describedby=\"wp-block-file--media-5982bac1-8549-4d54-8ace-27236145bb88\">Lataa<\/a><\/div>\n\n\n\n<p><\/p>\n","protected":false},"excerpt":{"rendered":"<p>Hajuste- ja kemikaaliherk\u00e4n apuv\u00e4lineet Hajuste- ja kemikaaliyliherkkyydess\u00e4 apuv\u00e4lineet toimivat yksil\u00f6llisesti. Joillekin ne tuovat apua, joillekin eiv\u00e4t. Voi my\u00f6s olla, ett\u00e4 [&hellip;]<\/p>\n","protected":false},"author":1,"featured_media":0,"parent":0,"menu_order":0,"comment_status":"closed","ping_status":"closed","template":"","meta":{"_uag_custom_page_level_css":"","site-sidebar-layout":"default","site-content-layout":"","ast-site-content-layout":"default","site-content-style":"default","site-sidebar-style":"default","ast-global-header-display":"","ast-banner-title-visibility":"","ast-main-header-display":"","ast-hfb-above-header-display":"","ast-hfb-below-header-display":"","ast-hfb-mobile-header-display":"","site-post-title":"","ast-breadcrumbs-content":"","ast-featured-img":"","footer-sml-layout":"","ast-disable-related-posts":"","theme-transparent-header-meta":"","adv-header-id-meta":"","stick-header-meta":"","header-above-stick-meta":"","header-main-stick-meta":"","header-below-stick-meta":"","astra-migrate-meta-layouts":"default","ast-page-background-enabled":"default","ast-page-background-meta":{"desktop":{"background-color":"var(--ast-global-color-4)","background-image":"","background-repeat":"repeat","background-position":"center center","background-size":"auto","background-attachment":"scroll","background-type":"","background-media":"","overlay-type":"","overlay-color":"","overlay-opacity":"","overlay-gradient":""},"tablet":{"background-color":"","background-image":"","background-repeat":"repeat","background-position":"center center","background-size":"auto","background-attachment":"scroll","background-type":"","background-media":"","overlay-type":"","overlay-color":"","overlay-opacity":"","overlay-gradient":""},"mobile":{"background-color":"","background-image":"","background-repeat":"repeat","background-position":"center center","background-size":"auto","background-attachment":"scroll","background-type":"","background-media":"","overlay-type":"","overlay-color":"","overlay-opacity":"","overlay-gradient":""}},"ast-content-background-meta":{"desktop":{"background-color":"var(--ast-global-color-5)","background-image":"","background-repeat":"repeat","background-position":"center center","background-size":"auto","background-attachment":"scroll","background-type":"","background-media":"","overlay-type":"","overlay-color":"","overlay-opacity":"","overlay-gradient":""},"tablet":{"background-color":"var(--ast-global-color-5)","background-image":"","background-repeat":"repeat","background-position":"center center","background-size":"auto","background-attachment":"scroll","background-type":"","background-media":"","overlay-type":"","overlay-color":"","overlay-opacity":"","overlay-gradient":""},"mobile":{"background-color":"var(--ast-global-color-5)","background-image":"","background-repeat":"repeat","background-position":"center center","background-size":"auto","background-attachment":"scroll","background-type":"","background-media":"","overlay-type":"","overlay-color":"","overlay-opacity":"","overlay-gradient":""}},"footnotes":""},"class_list":["post-239","page","type-page","status-publish","hentry"],"uagb_featured_image_src":{"full":false,"thumbnail":false,"medium":false,"medium_large":false,"large":false,"1536x1536":false,"2048x2048":false},"uagb_author_info":{"display_name":"admin","author_link":"https:\/\/hajusteyliherkkyys.com\/author\/admin\/"},"uagb_comment_info":0,"uagb_excerpt":"Hajuste- ja kemikaaliherk\u00e4n apuv\u00e4lineet Hajuste- ja kemikaaliyliherkkyydess\u00e4 apuv\u00e4lineet toimivat yksil\u00f6llisesti. Joillekin ne tuovat apua, joillekin eiv\u00e4t. Voi my\u00f6s olla, ett\u00e4 [&hellip;]","_links":{"self":[{"href":"https:\/\/hajusteyliherkkyys.com\/index.php\/wp-json\/wp\/v2\/pages\/239","targetHints":{"allow":["GET"]}}],"collection":[{"href":"https:\/\/hajusteyliherkkyys.com\/index.php\/wp-json\/wp\/v2\/pages"}],"about":[{"href":"https:\/\/hajusteyliherkkyys.com\/index.php\/wp-json\/wp\/v2\/types\/page"}],"author":[{"embeddable":true,"href":"https:\/\/hajusteyliherkkyys.com\/index.php\/wp-json\/wp\/v2\/users\/1"}],"replies":[{"embeddable":true,"href":"https:\/\/hajusteyliherkkyys.com\/index.php\/wp-json\/wp\/v2\/comments?post=239"}],"version-history":[{"count":10,"href":"https:\/\/hajusteyliherkkyys.com\/index.php\/wp-json\/wp\/v2\/pages\/239\/revisions"}],"predecessor-version":[{"id":988,"href":"https:\/\/hajusteyliherkkyys.com\/index.php\/wp-json\/wp\/v2\/pages\/239\/revisions\/988"}],"wp:attachment":[{"href":"https:\/\/hajusteyliherkkyys.com\/index.php\/wp-json\/wp\/v2\/media?parent=239"}],"curies":[{"name":"wp","href":"https:\/\/api.w.org\/{rel}","templated":true}]}}