{"id":224,"date":"2024-03-25T13:11:10","date_gmt":"2024-03-25T13:11:10","guid":{"rendered":"https:\/\/hajusteyliherkkyys.com\/?page_id=224"},"modified":"2024-04-17T20:17:18","modified_gmt":"2024-04-17T20:17:18","slug":"perustietoa-sairaudesta","status":"publish","type":"page","link":"https:\/\/hajusteyliherkkyys.com\/index.php\/perustietoa-sairaudesta\/","title":{"rendered":"Perustietoa sairaudesta"},"content":{"rendered":"\n<h1 class=\"wp-block-heading\">TIETOA YLIHERKKYYDEST\u00c4<\/h1>\n\n\n\n<p>Osa meist\u00e4 on yliherkki\u00e4 hajusteille tai muille kemikaaleille, esim painomusteelle, pahville tai joillekin muoveille. Kemikaaliyliherkkyydet ovat kasvava ongelma my\u00f6s Suomessa. Herkistymisen syyt\u00e4 ei tiedet\u00e4, mutta se on liitetty joko pitk\u00e4aikaiseen v\u00e4h\u00e4iseen altistukseen tai voimakkaaseen \u00e4killisen altistukseen. Yliherkkyyden vaikeusaste vaihtelee ihmisest\u00e4 toiseen. Osa hajusteyliherkist\u00e4 pystyy el\u00e4m\u00e4\u00e4n normaalia el\u00e4m\u00e4\u00e4, kunhan ei itse k\u00e4yt\u00e4 hajusteita. Toiset taas reagoivat jo niin pieniin pitoisuuksiin, ett\u00e4 esim. pesuaineiden tai hajuvesien sis\u00e4lt\u00e4m\u00e4t kemikaalit l\u00e4hiymp\u00e4rist\u00f6ss\u00e4 riitt\u00e4v\u00e4t aiheuttamaan voimakkaita oireita.<\/p>\n\n\n\n<p>MIT\u00c4 OIREITA YLIHERK\u00c4T SAAVAT?<\/p>\n\n\n\n<p>Hajuste- ja kemikaaliyliherkkyys voi ilmet\u00e4 monin tavoin. Tyypillisi\u00e4 oireita ovat altistumista seuraava p\u00e4\u00e4ns\u00e4rky, pahoinvointi, silm\u00e4-, limakalvo-, iho- ja hengitysoireet sek\u00e4 monet py\u00f6rrytyksen ja v\u00e4symyksen kaltaiset yleisoireet. Pahimmillaan oireet est\u00e4v\u00e4t t\u00e4ysin ty\u00f6nteon tai vapaa-ajan vieton ymp\u00e4rist\u00f6ss\u00e4, jossa on altistavia aineita. Kun yliherkk\u00e4 ei altistu kemikaaleille, h\u00e4n on oireeton ja voi hyvin.<\/p>\n\n\n\n<p>PUHDAS SIS\u00c4ILMA ON ELINEHTO HAJUSTE- JA KEMIKAALIYLIHERKILLE<\/p>\n\n\n\n<p>Toistaiseksi yliherkkyytt\u00e4 ei voi parantaa l\u00e4\u00e4kkeill\u00e4, vaikka jotkut l\u00e4\u00e4kkeet voivatkin lievitt\u00e4\u00e4 oireilua. Tehokkain keino v\u00e4hent\u00e4\u00e4 oireilua on sit\u00e4 aiheuttavien asioiden v\u00e4ltt\u00e4minen. Siksi ulko- ja sis\u00e4ilman puhtaus ovat t\u00e4rkeit\u00e4 kemikaaliyliherk\u00e4lle. Puhdas sis\u00e4ilma tarkoittaa paitsi hyv\u00e4\u00e4 ilmanvaihtoa, my\u00f6s sit\u00e4, ett\u00e4 kemikaaleja pyrit\u00e4\u00e4n k\u00e4ytt\u00e4m\u00e4\u00e4n sis\u00e4tiloissa mahdollisimman v\u00e4h\u00e4n. Yliherk\u00e4n kannattaa suosia hajustamattomia tuotteita ja v\u00e4h\u00e4p\u00e4\u00e4st\u00f6isi\u00e4 M1-luokan materiaaleja. Kosteusvauriot tulee aina korjata ajoissa, sill\u00e4 homealtistus voi aiheuttaa tai pahentaa yliherkkyytt\u00e4. Hajuste- ja kemikaaliyliherkk\u00e4 voi my\u00f6s suojautua altistukselta henkil\u00f6kohtaisten suojaimien avulla.<\/p>\n\n\n\n<p>VOIT AUTTAA YLIHERKK\u00c4\u00c4<\/p>\n\n\n\n<p>Jos l\u00e4heisesi on herkistynyt hajusteille, voit auttaa h\u00e4nt\u00e4 k\u00e4ytt\u00e4m\u00e4ll\u00e4 hajustamattomia tuotteita ja pit\u00e4m\u00e4ll\u00e4 \u00e4rsytyst\u00e4 aiheuttavat aineet pois h\u00e4nen l\u00e4hiymp\u00e4rist\u00f6st\u00e4\u00e4n. Tuoksuvat kukat tai mik\u00e4 tahansa hajustettu tuote voi tehd\u00e4 yliherk\u00e4n olon tukalaksi. Keskustele asiasta rohkeasti h\u00e4nen kanssaan ja suhtaudu luontevasti h\u00e4nen mahdollisesti k\u00e4ytt\u00e4miins\u00e4 suojautumismenetelmiin. Hajuste- ja kemikaaliyliherk\u00e4ksi voi tulla vain altistumisen kautta, joten l\u00e4hiymp\u00e4rist\u00f6n kemikaalikuormitusta on aina syyt\u00e4 pienent\u00e4\u00e4. V\u00e4ltt\u00e4m\u00e4ll\u00e4 turhien kemikaalien k\u00e4ytt\u00f6\u00e4, voi v\u00e4ltt\u00e4\u00e4 terveysongelmia.<\/p>\n\n\n\n<p>(c) Hake ry 2010<\/p>\n","protected":false},"excerpt":{"rendered":"<p>TIETOA YLIHERKKYYDEST\u00c4 Osa meist\u00e4 on yliherkki\u00e4 hajusteille tai muille kemikaaleille, esim painomusteelle, pahville tai joillekin muoveille. Kemikaaliyliherkkyydet ovat kasvava ongelma [&hellip;]<\/p>\n","protected":false},"author":1,"featured_media":635,"parent":0,"menu_order":0,"comment_status":"closed","ping_status":"closed","template":"","meta":{"_uag_custom_page_level_css":"","site-sidebar-layout":"default","site-content-layout":"","ast-site-content-layout":"default","site-content-style":"default","site-sidebar-style":"default","ast-global-header-display":"","ast-banner-title-visibility":"","ast-main-header-display":"","ast-hfb-above-header-display":"","ast-hfb-below-header-display":"","ast-hfb-mobile-header-display":"","site-post-title":"","ast-breadcrumbs-content":"","ast-featured-img":"","footer-sml-layout":"","ast-disable-related-posts":"","theme-transparent-header-meta":"","adv-header-id-meta":"","stick-header-meta":"","header-above-stick-meta":"","header-main-stick-meta":"","header-below-stick-meta":"","astra-migrate-meta-layouts":"default","ast-page-background-enabled":"default","ast-page-background-meta":{"desktop":{"background-color":"var(--ast-global-color-4)","background-image":"","background-repeat":"repeat","background-position":"center center","background-size":"auto","background-attachment":"scroll","background-type":"","background-media":"","overlay-type":"","overlay-color":"","overlay-opacity":"","overlay-gradient":""},"tablet":{"background-color":"","background-image":"","background-repeat":"repeat","background-position":"center center","background-size":"auto","background-attachment":"scroll","background-type":"","background-media":"","overlay-type":"","overlay-color":"","overlay-opacity":"","overlay-gradient":""},"mobile":{"background-color":"","background-image":"","background-repeat":"repeat","background-position":"center center","background-size":"auto","background-attachment":"scroll","background-type":"","background-media":"","overlay-type":"","overlay-color":"","overlay-opacity":"","overlay-gradient":""}},"ast-content-background-meta":{"desktop":{"background-color":"var(--ast-global-color-5)","background-image":"","background-repeat":"repeat","background-position":"center center","background-size":"auto","background-attachment":"scroll","background-type":"","background-media":"","overlay-type":"","overlay-color":"","overlay-opacity":"","overlay-gradient":""},"tablet":{"background-color":"var(--ast-global-color-5)","background-image":"","background-repeat":"repeat","background-position":"center center","background-size":"auto","background-attachment":"scroll","background-type":"","background-media":"","overlay-type":"","overlay-color":"","overlay-opacity":"","overlay-gradient":""},"mobile":{"background-color":"var(--ast-global-color-5)","background-image":"","background-repeat":"repeat","background-position":"center center","background-size":"auto","background-attachment":"scroll","background-type":"","background-media":"","overlay-type":"","overlay-color":"","overlay-opacity":"","overlay-gradient":""}},"footnotes":""},"class_list":["post-224","page","type-page","status-publish","has-post-thumbnail","hentry"],"uagb_featured_image_src":{"full":["https:\/\/hajusteyliherkkyys.com\/wp-content\/uploads\/2024\/04\/Perustietoa-hajuste-ja-kemikaaliyliherkkyydesta.png",1920,1358,false],"thumbnail":["https:\/\/hajusteyliherkkyys.com\/wp-content\/uploads\/2024\/04\/Perustietoa-hajuste-ja-kemikaaliyliherkkyydesta-150x150.png",150,150,true],"medium":["https:\/\/hajusteyliherkkyys.com\/wp-content\/uploads\/2024\/04\/Perustietoa-hajuste-ja-kemikaaliyliherkkyydesta-300x212.png",300,212,true],"medium_large":["https:\/\/hajusteyliherkkyys.com\/wp-content\/uploads\/2024\/04\/Perustietoa-hajuste-ja-kemikaaliyliherkkyydesta-768x543.png",768,543,true],"large":["https:\/\/hajusteyliherkkyys.com\/wp-content\/uploads\/2024\/04\/Perustietoa-hajuste-ja-kemikaaliyliherkkyydesta-1024x724.png",1024,724,true],"1536x1536":["https:\/\/hajusteyliherkkyys.com\/wp-content\/uploads\/2024\/04\/Perustietoa-hajuste-ja-kemikaaliyliherkkyydesta-1536x1086.png",1536,1086,true],"2048x2048":["https:\/\/hajusteyliherkkyys.com\/wp-content\/uploads\/2024\/04\/Perustietoa-hajuste-ja-kemikaaliyliherkkyydesta.png",1920,1358,false]},"uagb_author_info":{"display_name":"admin","author_link":"https:\/\/hajusteyliherkkyys.com\/author\/admin\/"},"uagb_comment_info":0,"uagb_excerpt":"TIETOA YLIHERKKYYDEST\u00c4 Osa meist\u00e4 on yliherkki\u00e4 hajusteille tai muille kemikaaleille, esim painomusteelle, pahville tai joillekin muoveille. Kemikaaliyliherkkyydet ovat kasvava ongelma [&hellip;]","_links":{"self":[{"href":"https:\/\/hajusteyliherkkyys.com\/index.php\/wp-json\/wp\/v2\/pages\/224","targetHints":{"allow":["GET"]}}],"collection":[{"href":"https:\/\/hajusteyliherkkyys.com\/index.php\/wp-json\/wp\/v2\/pages"}],"about":[{"href":"https:\/\/hajusteyliherkkyys.com\/index.php\/wp-json\/wp\/v2\/types\/page"}],"author":[{"embeddable":true,"href":"https:\/\/hajusteyliherkkyys.com\/index.php\/wp-json\/wp\/v2\/users\/1"}],"replies":[{"embeddable":true,"href":"https:\/\/hajusteyliherkkyys.com\/index.php\/wp-json\/wp\/v2\/comments?post=224"}],"version-history":[{"count":2,"href":"https:\/\/hajusteyliherkkyys.com\/index.php\/wp-json\/wp\/v2\/pages\/224\/revisions"}],"predecessor-version":[{"id":647,"href":"https:\/\/hajusteyliherkkyys.com\/index.php\/wp-json\/wp\/v2\/pages\/224\/revisions\/647"}],"wp:featuredmedia":[{"embeddable":true,"href":"https:\/\/hajusteyliherkkyys.com\/index.php\/wp-json\/wp\/v2\/media\/635"}],"wp:attachment":[{"href":"https:\/\/hajusteyliherkkyys.com\/index.php\/wp-json\/wp\/v2\/media?parent=224"}],"curies":[{"name":"wp","href":"https:\/\/api.w.org\/{rel}","templated":true}]}}