{"id":150,"date":"2024-03-14T23:05:36","date_gmt":"2024-03-14T23:05:36","guid":{"rendered":"https:\/\/hajusteyliherkkyys.com\/?page_id=150"},"modified":"2024-06-25T15:24:51","modified_gmt":"2024-06-25T15:24:51","slug":"jasenyys","status":"publish","type":"page","link":"https:\/\/hajusteyliherkkyys.com\/index.php\/jasenyys\/","title":{"rendered":"J\u00e4seneksi liittyminen tai j\u00e4sentietojen p\u00e4ivitys"},"content":{"rendered":"\n<p class=\"has-medium-font-size\">Voit liitty\u00e4 j\u00e4seneksi&nbsp;tai kannutusj\u00e4seneksi painamalla <a href=\"https:\/\/forms.gle\/xty8gY48StqofmZw8\" target=\"_blank\" rel=\"noreferrer noopener\">t\u00e4st\u00e4<\/a>. Linkki vie sinut s\u00e4hk\u00f6iseen liittymiskaavakkeeseen. <\/p>\n\n\n\n<p class=\"has-medium-font-size\">Pyrimme siirtym\u00e4\u00e4n paperittomaan s\u00e4hk\u00f6iseen j\u00e4senkirjeen toimittamiseen s\u00e4hk\u00f6postitse. P\u00e4ivit\u00e4th\u00e4n s\u00e4hk\u00f6postiosoitteesi. <\/p>\n\n\n\n<p class=\"has-medium-font-size\">Muuttuneet tai vanhentuneet j\u00e4sentietosi voit p\u00e4ivitt\u00e4\u00e4 <a href=\"https:\/\/forms.gle\/ReDRQSmyrjNwtnsZ9\" target=\"_blank\" rel=\"noopener\">t\u00e4ll\u00e4 lomakkeella.<\/a> J\u00e4senkirjeen voi yh\u00e4 saada paperillisena versiona kirjeitse, kun merkitsee lomakkeeseen t\u00e4m\u00e4n toiveen.<\/p>\n\n\n\n<p class=\"has-medium-font-size\"><br>&#8230;<br>tai l\u00e4het\u00e4 meille alla olevat tiedot s\u00e4hk\u00f6postiosoitteeseen&nbsp;<strong>hakeinfo@gmail.com<\/strong><\/p>\n\n\n\n<ul class=\"wp-block-list\">\n<li>Nimi<\/li>\n\n\n\n<li>Syntym\u00e4vuosi<\/li>\n\n\n\n<li>S\u00e4hk\u00f6posti<\/li>\n\n\n\n<li>Puhelin<\/li>\n\n\n\n<li>Katuosoite<\/li>\n\n\n\n<li>Postinumero<\/li>\n\n\n\n<li>Postitoimipaikka<\/li>\n\n\n\n<li>Haluatko j\u00e4senkirjeesi s\u00e4hk\u00f6postitse vai paperiversiona kirjeitse?<\/li>\n<\/ul>\n\n\n\n<p class=\"has-medium-font-size\">J\u00e4senmaksumme on 15-30 euroa vuodessa maksukyvyn mukaan ja saat tarkemmat tiedot s\u00e4hk\u00f6postiisi.<\/p>\n\n\n\n<p class=\"has-medium-font-size\">Jos olet toiminnallemme kannatusj\u00e4sen, j\u00e4senmaksu on haluamasi summan verran. <\/p>\n\n\n\n<p class=\"has-medium-font-size\">Tervetuloa j\u00e4seneksi tukemaan yhdistyksemme tekem\u00e4\u00e4 ty\u00f6t\u00e4 ja halutessasi mukaan toimintaamme!<\/p>\n","protected":false},"excerpt":{"rendered":"<p>Voit liitty\u00e4 j\u00e4seneksi&nbsp;tai kannutusj\u00e4seneksi painamalla t\u00e4st\u00e4. Linkki vie sinut s\u00e4hk\u00f6iseen liittymiskaavakkeeseen. Pyrimme siirtym\u00e4\u00e4n paperittomaan s\u00e4hk\u00f6iseen j\u00e4senkirjeen toimittamiseen s\u00e4hk\u00f6postitse. P\u00e4ivit\u00e4th\u00e4n s\u00e4hk\u00f6postiosoitteesi. [&hellip;]<\/p>\n","protected":false},"author":1,"featured_media":0,"parent":0,"menu_order":0,"comment_status":"closed","ping_status":"closed","template":"","meta":{"_uag_custom_page_level_css":"","site-sidebar-layout":"default","site-content-layout":"","ast-site-content-layout":"default","site-content-style":"default","site-sidebar-style":"default","ast-global-header-display":"","ast-banner-title-visibility":"","ast-main-header-display":"","ast-hfb-above-header-display":"","ast-hfb-below-header-display":"","ast-hfb-mobile-header-display":"","site-post-title":"","ast-breadcrumbs-content":"","ast-featured-img":"","footer-sml-layout":"","ast-disable-related-posts":"","theme-transparent-header-meta":"","adv-header-id-meta":"","stick-header-meta":"","header-above-stick-meta":"","header-main-stick-meta":"","header-below-stick-meta":"","astra-migrate-meta-layouts":"default","ast-page-background-enabled":"default","ast-page-background-meta":{"desktop":{"background-color":"var(--ast-global-color-4)","background-image":"","background-repeat":"repeat","background-position":"center center","background-size":"auto","background-attachment":"scroll","background-type":"","background-media":"","overlay-type":"","overlay-color":"","overlay-opacity":"","overlay-gradient":""},"tablet":{"background-color":"","background-image":"","background-repeat":"repeat","background-position":"center center","background-size":"auto","background-attachment":"scroll","background-type":"","background-media":"","overlay-type":"","overlay-color":"","overlay-opacity":"","overlay-gradient":""},"mobile":{"background-color":"","background-image":"","background-repeat":"repeat","background-position":"center center","background-size":"auto","background-attachment":"scroll","background-type":"","background-media":"","overlay-type":"","overlay-color":"","overlay-opacity":"","overlay-gradient":""}},"ast-content-background-meta":{"desktop":{"background-color":"var(--ast-global-color-5)","background-image":"","background-repeat":"repeat","background-position":"center center","background-size":"auto","background-attachment":"scroll","background-type":"","background-media":"","overlay-type":"","overlay-color":"","overlay-opacity":"","overlay-gradient":""},"tablet":{"background-color":"var(--ast-global-color-5)","background-image":"","background-repeat":"repeat","background-position":"center center","background-size":"auto","background-attachment":"scroll","background-type":"","background-media":"","overlay-type":"","overlay-color":"","overlay-opacity":"","overlay-gradient":""},"mobile":{"background-color":"var(--ast-global-color-5)","background-image":"","background-repeat":"repeat","background-position":"center center","background-size":"auto","background-attachment":"scroll","background-type":"","background-media":"","overlay-type":"","overlay-color":"","overlay-opacity":"","overlay-gradient":""}},"footnotes":""},"class_list":["post-150","page","type-page","status-publish","hentry"],"uagb_featured_image_src":{"full":false,"thumbnail":false,"medium":false,"medium_large":false,"large":false,"1536x1536":false,"2048x2048":false},"uagb_author_info":{"display_name":"admin","author_link":"https:\/\/hajusteyliherkkyys.com\/author\/admin\/"},"uagb_comment_info":0,"uagb_excerpt":"Voit liitty\u00e4 j\u00e4seneksi&nbsp;tai kannutusj\u00e4seneksi painamalla t\u00e4st\u00e4. Linkki vie sinut s\u00e4hk\u00f6iseen liittymiskaavakkeeseen. Pyrimme siirtym\u00e4\u00e4n paperittomaan s\u00e4hk\u00f6iseen j\u00e4senkirjeen toimittamiseen s\u00e4hk\u00f6postitse. P\u00e4ivit\u00e4th\u00e4n s\u00e4hk\u00f6postiosoitteesi. [&hellip;]","_links":{"self":[{"href":"https:\/\/hajusteyliherkkyys.com\/index.php\/wp-json\/wp\/v2\/pages\/150","targetHints":{"allow":["GET"]}}],"collection":[{"href":"https:\/\/hajusteyliherkkyys.com\/index.php\/wp-json\/wp\/v2\/pages"}],"about":[{"href":"https:\/\/hajusteyliherkkyys.com\/index.php\/wp-json\/wp\/v2\/types\/page"}],"author":[{"embeddable":true,"href":"https:\/\/hajusteyliherkkyys.com\/index.php\/wp-json\/wp\/v2\/users\/1"}],"replies":[{"embeddable":true,"href":"https:\/\/hajusteyliherkkyys.com\/index.php\/wp-json\/wp\/v2\/comments?post=150"}],"version-history":[{"count":11,"href":"https:\/\/hajusteyliherkkyys.com\/index.php\/wp-json\/wp\/v2\/pages\/150\/revisions"}],"predecessor-version":[{"id":838,"href":"https:\/\/hajusteyliherkkyys.com\/index.php\/wp-json\/wp\/v2\/pages\/150\/revisions\/838"}],"wp:attachment":[{"href":"https:\/\/hajusteyliherkkyys.com\/index.php\/wp-json\/wp\/v2\/media?parent=150"}],"curies":[{"name":"wp","href":"https:\/\/api.w.org\/{rel}","templated":true}]}}